{"id":1300,"date":"2014-03-21T15:59:33","date_gmt":"2014-03-21T15:59:33","guid":{"rendered":"http:\/\/boston-bull.ch\/site\/?page_id=1300"},"modified":"2021-12-27T08:44:36","modified_gmt":"2021-12-27T08:44:36","slug":"graustein-champions","status":"publish","type":"page","link":"http:\/\/boston-bull.ch\/site?page_id=1300","title":{"rendered":"Graustein Champions"},"content":{"rendered":"<p>[et_pb_section fb_built=&#8220;1&#8243; admin_label=&#8220;section&#8220; _builder_version=&#8220;3.22&#8243; global_colors_info=&#8220;{}&#8220;][et_pb_row column_structure=&#8220;1_2,1_2&#8243; _builder_version=&#8220;3.25&#8243; background_size=&#8220;initial&#8220; background_position=&#8220;top_left&#8220; background_repeat=&#8220;repeat&#8220; global_colors_info=&#8220;{}&#8220;][et_pb_column type=&#8220;1_2&#8243; _builder_version=&#8220;3.25&#8243; custom_padding=&#8220;|||&#8220; global_colors_info=&#8220;{}&#8220; custom_padding__hover=&#8220;|||&#8220;][et_pb_text _builder_version=&#8220;4.14.4&#8243; background_size=&#8220;initial&#8220; background_position=&#8220;top_left&#8220; background_repeat=&#8220;repeat&#8220; hover_enabled=&#8220;0&#8243; global_colors_info=&#8220;{}&#8220; sticky_enabled=&#8220;0&#8243;]<\/p>\n<p><strong>MJCH. Graustein&#8217;s Might Put A Spell On You<br \/><\/strong>Schweizer Jugend Sch\u00f6nheits Champion<br \/>Alpen Jugend Champion<br \/>Jugend Champion \u00d6sterreich (beantragt)<br \/>Jugend Champion San Marino (beantragt)<\/p>\n<p><strong>Erfolge:<br \/><\/strong>JBIS -3<br \/>JBIG<br \/>Alpenjugendsieger<br \/>Crufts Qualifikation 2022<\/p>\n<p>[\/et_pb_text][\/et_pb_column][et_pb_column type=&#8220;1_2&#8243; _builder_version=&#8220;3.25&#8243; custom_padding=&#8220;|||&#8220; global_colors_info=&#8220;{}&#8220; custom_padding__hover=&#8220;|||&#8220;][et_pb_image src=&#8220;http:\/\/boston-bull.ch\/site\/wp-content\/uploads\/2021\/10\/IMG_4799.png&#8220; title_text=&#8220;IMG_4799&#8243; align=&#8220;right&#8220; align_tablet=&#8220;center&#8220; align_phone=&#8220;&#8220; align_last_edited=&#8220;on|desktop&#8220; _builder_version=&#8220;4.11.3&#8243; animation_style=&#8220;slide&#8220; animation_direction=&#8220;left&#8220; animation_duration=&#8220;500ms&#8220; animation_intensity_slide=&#8220;10%&#8220; border_style=&#8220;solid&#8220; sticky=&#8220;off&#8220; always_center_on_mobile=&#8220;on&#8220; global_colors_info=&#8220;{}&#8220;][\/et_pb_image][\/et_pb_column][\/et_pb_row][et_pb_row column_structure=&#8220;1_2,1_2&#8243; _builder_version=&#8220;3.25&#8243; background_size=&#8220;initial&#8220; background_position=&#8220;top_left&#8220; background_repeat=&#8220;repeat&#8220; global_colors_info=&#8220;{}&#8220;][et_pb_column type=&#8220;1_2&#8243; _builder_version=&#8220;3.25&#8243; custom_padding=&#8220;|||&#8220; global_colors_info=&#8220;{}&#8220; custom_padding__hover=&#8220;|||&#8220;][et_pb_text _builder_version=&#8220;4.11.3&#8243; background_size=&#8220;initial&#8220; background_position=&#8220;top_left&#8220; background_repeat=&#8220;repeat&#8220; global_colors_info=&#8220;{}&#8220;]<\/p>\n<p><strong>JCH. Graustein&#8217;s Mistress Of Evil<br \/><\/strong>Schweizer Jugend Sch\u00f6nheits Champion<\/p>\n<p><strong><\/strong><\/p>\n<p>[\/et_pb_text][\/et_pb_column][et_pb_column type=&#8220;1_2&#8243; _builder_version=&#8220;3.25&#8243; custom_padding=&#8220;|||&#8220; global_colors_info=&#8220;{}&#8220; custom_padding__hover=&#8220;|||&#8220;][et_pb_image src=&#8220;http:\/\/boston-bull.ch\/site\/wp-content\/uploads\/2021\/10\/IMG_1037.jpg&#8220; title_text=&#8220;IMG_1037&#8243; align=&#8220;right&#8220; align_tablet=&#8220;center&#8220; align_phone=&#8220;&#8220; align_last_edited=&#8220;on|desktop&#8220; _builder_version=&#8220;4.11.3&#8243; animation_style=&#8220;slide&#8220; animation_direction=&#8220;left&#8220; animation_duration=&#8220;500ms&#8220; animation_intensity_slide=&#8220;10%&#8220; border_style=&#8220;solid&#8220; sticky=&#8220;off&#8220; always_center_on_mobile=&#8220;on&#8220; global_colors_info=&#8220;{}&#8220;][\/et_pb_image][\/et_pb_column][\/et_pb_row][et_pb_row column_structure=&#8220;1_2,1_2&#8243; _builder_version=&#8220;3.25&#8243; background_size=&#8220;initial&#8220; background_position=&#8220;top_left&#8220; background_repeat=&#8220;repeat&#8220; global_colors_info=&#8220;{}&#8220;][et_pb_column type=&#8220;1_2&#8243; _builder_version=&#8220;3.25&#8243; custom_padding=&#8220;|||&#8220; global_colors_info=&#8220;{}&#8220; custom_padding__hover=&#8220;|||&#8220;][et_pb_text _builder_version=&#8220;4.11.3&#8243; background_size=&#8220;initial&#8220; background_position=&#8220;top_left&#8220; background_repeat=&#8220;repeat&#8220; global_colors_info=&#8220;{}&#8220;]<\/p>\n<p><strong>MCH. JCH. Graustein&#8217;s Just Step Aside<br \/><\/strong>C.I.B. Internationaler Sch\u00f6nheits Champion FCI (pending)<br \/>Schweizer Sch\u00f6nheits Champion<br \/>Schweizer Ausstellungs Champion<br \/>Champion \u00d6sterreich<br \/>Jugendchampion San Marino<br \/>Jugendchampion Schweiz<\/p>\n<p>[\/et_pb_text][\/et_pb_column][et_pb_column type=&#8220;1_2&#8243; _builder_version=&#8220;3.25&#8243; custom_padding=&#8220;|||&#8220; global_colors_info=&#8220;{}&#8220; custom_padding__hover=&#8220;|||&#8220;][et_pb_image src=&#8220;http:\/\/boston-bull.ch\/site\/wp-content\/uploads\/2017\/09\/21433157_10214375981297766_8115468717771443024_n.jpg&#8220; align=&#8220;right&#8220; align_tablet=&#8220;center&#8220; align_phone=&#8220;&#8220; align_last_edited=&#8220;on|desktop&#8220; _builder_version=&#8220;3.23&#8243; animation_style=&#8220;slide&#8220; animation_direction=&#8220;left&#8220; animation_duration=&#8220;500ms&#8220; animation_intensity_slide=&#8220;10%&#8220; border_style=&#8220;solid&#8220; sticky=&#8220;off&#8220; always_center_on_mobile=&#8220;on&#8220; global_colors_info=&#8220;{}&#8220;][\/et_pb_image][\/et_pb_column][\/et_pb_row][et_pb_row column_structure=&#8220;1_2,1_2&#8243; _builder_version=&#8220;3.25&#8243; background_size=&#8220;initial&#8220; background_position=&#8220;top_left&#8220; background_repeat=&#8220;repeat&#8220; global_colors_info=&#8220;{}&#8220;][et_pb_column type=&#8220;1_2&#8243; _builder_version=&#8220;3.25&#8243; custom_padding=&#8220;|||&#8220; global_colors_info=&#8220;{}&#8220; custom_padding__hover=&#8220;|||&#8220;][et_pb_text _builder_version=&#8220;4.11.3&#8243; background_size=&#8220;initial&#8220; background_position=&#8220;top_left&#8220; background_repeat=&#8220;repeat&#8220; global_colors_info=&#8220;{}&#8220;]<\/p>\n<p><strong>MCH. CIB MJCH. Graustein&#8217;s I Am Incredible<\/strong><br \/>C.I.B. Internationaler Sch\u00f6nheits Champion FCI<br \/>Champion Italien<br \/>Champion \u00d6sterreich<br \/>Schweizer Sch\u00f6nheits Champion<br \/>Schweizer Ausstellungs Champion<br \/>Champion San Marino<br \/>Jugendchampion Schweiz<br \/>Alpenjugendchampion<br \/>Jugendchampion \u00d6sterreich<br \/>Jugendchampion San Marino<br \/>Bundesjugendsieger AT 2016<br \/>Clubsieger BTFS 2017<br \/>3x Crufts Qualification 2017<br \/>1x Crufts Qualifikation 2018<\/p>\n<p><strong>Erfolge:<\/strong><br \/>BISS, BPISS, BJISS-3, R-BIG<br \/>BTFS-Top Boston Schweiz 2017<br \/>BTFS-Clubsieger 2017 (BOS), 2018 (BOS), 2019 (BOB)<\/p>\n<p>&nbsp;<\/p>\n<p>[\/et_pb_text][\/et_pb_column][et_pb_column type=&#8220;1_2&#8243; _builder_version=&#8220;3.25&#8243; custom_padding=&#8220;|||&#8220; global_colors_info=&#8220;{}&#8220; custom_padding__hover=&#8220;|||&#8220;][et_pb_image src=&#8220;http:\/\/boston-bull.ch\/site\/wp-content\/uploads\/2016\/12\/sanmarinoBIG2_leroy.jpg&#8220; align=&#8220;right&#8220; align_tablet=&#8220;center&#8220; align_phone=&#8220;&#8220; align_last_edited=&#8220;on|desktop&#8220; _builder_version=&#8220;3.23&#8243; animation_style=&#8220;slide&#8220; animation_direction=&#8220;left&#8220; animation_duration=&#8220;500ms&#8220; animation_intensity_slide=&#8220;10%&#8220; use_border_color=&#8220;off&#8220; border_color=&#8220;#ffffff&#8220; border_style=&#8220;solid&#8220; animation=&#8220;left&#8220; sticky=&#8220;off&#8220; always_center_on_mobile=&#8220;on&#8220; global_colors_info=&#8220;{}&#8220;][\/et_pb_image][\/et_pb_column][\/et_pb_row][et_pb_row column_structure=&#8220;1_2,1_2&#8243; _builder_version=&#8220;3.25&#8243; background_size=&#8220;initial&#8220; background_position=&#8220;top_left&#8220; background_repeat=&#8220;repeat&#8220; global_colors_info=&#8220;{}&#8220;][et_pb_column type=&#8220;1_2&#8243; _builder_version=&#8220;3.25&#8243; custom_padding=&#8220;|||&#8220; global_colors_info=&#8220;{}&#8220; custom_padding__hover=&#8220;|||&#8220;][et_pb_text _builder_version=&#8220;3.27.4&#8243; background_size=&#8220;initial&#8220; background_position=&#8220;top_left&#8220; background_repeat=&#8220;repeat&#8220; global_colors_info=&#8220;{}&#8220;]<strong>CH. French Kiss vom Graustein<br \/>\n<\/strong>C.I.B. Internationaler Sch\u00f6nheitschampion FCI<strong><br \/>\n<\/strong>Sch\u00f6nheits Champion Schweiz<br \/>\nAusstellungs Champion Schweiz<br \/>\nChampion San Marino<br \/>\nJugendchampion Schweiz<br \/>\nCrufts Qualification 2015<\/p>\n<p><strong>Erfolge:<\/strong><br \/>\nBISS-3<\/p>\n<p>&nbsp;<\/p>\n<p>&nbsp;<br \/>\n[\/et_pb_text][\/et_pb_column][et_pb_column type=&#8220;1_2&#8243; _builder_version=&#8220;3.25&#8243; custom_padding=&#8220;|||&#8220; global_colors_info=&#8220;{}&#8220; custom_padding__hover=&#8220;|||&#8220;][et_pb_image src=&#8220;http:\/\/boston-bull.ch\/site\/wp-content\/uploads\/2014\/03\/luz.jpg&#8220; align=&#8220;right&#8220; align_tablet=&#8220;center&#8220; align_phone=&#8220;&#8220; align_last_edited=&#8220;on|desktop&#8220; _builder_version=&#8220;3.23&#8243; animation_style=&#8220;slide&#8220; animation_direction=&#8220;left&#8220; animation_duration=&#8220;500ms&#8220; animation_intensity_slide=&#8220;10%&#8220; use_border_color=&#8220;off&#8220; border_color=&#8220;#ffffff&#8220; border_style=&#8220;solid&#8220; animation=&#8220;left&#8220; sticky=&#8220;off&#8220; always_center_on_mobile=&#8220;on&#8220; global_colors_info=&#8220;{}&#8220;][\/et_pb_image][\/et_pb_column][\/et_pb_row][et_pb_row column_structure=&#8220;1_2,1_2&#8243; _builder_version=&#8220;3.25&#8243; background_size=&#8220;initial&#8220; background_position=&#8220;top_left&#8220; background_repeat=&#8220;repeat&#8220; global_colors_info=&#8220;{}&#8220;][et_pb_column type=&#8220;1_2&#8243; _builder_version=&#8220;3.25&#8243; custom_padding=&#8220;|||&#8220; global_colors_info=&#8220;{}&#8220; custom_padding__hover=&#8220;|||&#8220;][et_pb_text _builder_version=&#8220;3.27.4&#8243; background_size=&#8220;initial&#8220; background_position=&#8220;top_left&#8220; background_repeat=&#8220;repeat&#8220; use_border_color=&#8220;off&#8220; border_color=&#8220;#ffffff&#8220; border_style=&#8220;solid&#8220; global_colors_info=&#8220;{}&#8220;]<strong>C.I.B. CH. Bijou de Paris vom Graustein<\/strong><br \/>\nC.I.B. Internationaler Sch\u00f6nheitschampion FCI<br \/>\nSch\u00f6nheits Champion Schweiz<br \/>\nChampion \u00d6sterreich<br \/>\nDeutscher Jugendchampion VDH<\/p>\n<p><strong>Erfolge:<\/strong><br \/>\nJBISS, R-BIG<\/p>\n<p>&nbsp;<br \/>\n[\/et_pb_text][\/et_pb_column][et_pb_column type=&#8220;1_2&#8243; _builder_version=&#8220;3.25&#8243; custom_padding=&#8220;|||&#8220; global_colors_info=&#8220;{}&#8220; custom_padding__hover=&#8220;|||&#8220;][et_pb_image src=&#8220;http:\/\/boston-bull.ch\/site\/wp-content\/uploads\/2014\/03\/lexi.jpg&#8220; align=&#8220;right&#8220; align_tablet=&#8220;center&#8220; align_phone=&#8220;&#8220; align_last_edited=&#8220;on|desktop&#8220; _builder_version=&#8220;3.23&#8243; animation_style=&#8220;slide&#8220; animation_direction=&#8220;left&#8220; animation_duration=&#8220;500ms&#8220; animation_intensity_slide=&#8220;10%&#8220; use_border_color=&#8220;off&#8220; border_color=&#8220;#ffffff&#8220; border_style=&#8220;solid&#8220; animation=&#8220;left&#8220; sticky=&#8220;off&#8220; always_center_on_mobile=&#8220;on&#8220; global_colors_info=&#8220;{}&#8220;][\/et_pb_image][\/et_pb_column][\/et_pb_row][et_pb_row column_structure=&#8220;1_2,1_2&#8243; _builder_version=&#8220;3.25&#8243; background_size=&#8220;initial&#8220; background_position=&#8220;top_left&#8220; background_repeat=&#8220;repeat&#8220; global_colors_info=&#8220;{}&#8220;][et_pb_column type=&#8220;1_2&#8243; _builder_version=&#8220;3.25&#8243; custom_padding=&#8220;|||&#8220; global_colors_info=&#8220;{}&#8220; custom_padding__hover=&#8220;|||&#8220;][et_pb_text _builder_version=&#8220;3.27.4&#8243; background_size=&#8220;initial&#8220; background_position=&#8220;top_left&#8220; background_repeat=&#8220;repeat&#8220; use_border_color=&#8220;off&#8220; border_color=&#8220;#ffffff&#8220; border_style=&#8220;solid&#8220; global_colors_info=&#8220;{}&#8220;]<strong>JCH. Follow me to Paris vom Graustein<br \/>\n<\/strong>Jugendchampion Schweiz<\/p>\n<p>&nbsp;<br \/>\n[\/et_pb_text][\/et_pb_column][et_pb_column type=&#8220;1_2&#8243; _builder_version=&#8220;3.25&#8243; custom_padding=&#8220;|||&#8220; global_colors_info=&#8220;{}&#8220; custom_padding__hover=&#8220;|||&#8220;][et_pb_image src=&#8220;http:\/\/boston-bull.ch\/site\/wp-content\/uploads\/2014\/03\/poppy.jpg&#8220; align=&#8220;right&#8220; align_tablet=&#8220;center&#8220; align_phone=&#8220;&#8220; align_last_edited=&#8220;on|desktop&#8220; _builder_version=&#8220;3.23&#8243; animation_style=&#8220;slide&#8220; animation_direction=&#8220;left&#8220; animation_duration=&#8220;500ms&#8220; animation_intensity_slide=&#8220;10%&#8220; use_border_color=&#8220;off&#8220; border_color=&#8220;#ffffff&#8220; border_style=&#8220;solid&#8220; animation=&#8220;left&#8220; sticky=&#8220;off&#8220; always_center_on_mobile=&#8220;on&#8220; global_colors_info=&#8220;{}&#8220;][\/et_pb_image][\/et_pb_column][\/et_pb_row][et_pb_row column_structure=&#8220;1_2,1_2&#8243; _builder_version=&#8220;3.25&#8243; background_size=&#8220;initial&#8220; background_position=&#8220;top_left&#8220; background_repeat=&#8220;repeat&#8220; global_colors_info=&#8220;{}&#8220;][et_pb_column type=&#8220;1_2&#8243; _builder_version=&#8220;3.25&#8243; custom_padding=&#8220;|||&#8220; global_colors_info=&#8220;{}&#8220; custom_padding__hover=&#8220;|||&#8220;][et_pb_text _builder_version=&#8220;4.14.4&#8243; background_size=&#8220;initial&#8220; background_position=&#8220;top_left&#8220; background_repeat=&#8220;repeat&#8220; hover_enabled=&#8220;0&#8243; use_border_color=&#8220;off&#8220; border_color=&#8220;#ffffff&#8220; border_style=&#8220;solid&#8220; global_colors_info=&#8220;{}&#8220; sticky_enabled=&#8220;0&#8243;]<\/p>\n<p><strong>VCH CH, Going the Distance vom Graustein<br \/><\/strong>Ausstellungs Champion Schweiz<strong><\/strong><strong><br \/><\/strong>Champion San Marino<br \/>Veteranen Sch\u00f6nheits Champion Schweiz<strong><\/strong><br \/>Veteranen Champion San Marino (beantragt)<br \/><strong><br \/>Erfolge:<\/strong><br \/>R-BISS<\/p>\n<p>&nbsp;<\/p>\n<p>[\/et_pb_text][\/et_pb_column][et_pb_column type=&#8220;1_2&#8243; _builder_version=&#8220;3.25&#8243; custom_padding=&#8220;|||&#8220; global_colors_info=&#8220;{}&#8220; custom_padding__hover=&#8220;|||&#8220;][et_pb_image src=&#8220;http:\/\/boston-bull.ch\/site\/wp-content\/uploads\/2015\/08\/chillaBOB.jpg&#8220; align=&#8220;right&#8220; align_tablet=&#8220;center&#8220; align_phone=&#8220;&#8220; align_last_edited=&#8220;on|desktop&#8220; _builder_version=&#8220;3.23&#8243; animation_style=&#8220;slide&#8220; animation_direction=&#8220;left&#8220; animation_duration=&#8220;500ms&#8220; animation_intensity_slide=&#8220;10%&#8220; use_border_color=&#8220;off&#8220; border_color=&#8220;#ffffff&#8220; border_style=&#8220;solid&#8220; animation=&#8220;left&#8220; sticky=&#8220;off&#8220; always_center_on_mobile=&#8220;on&#8220; global_colors_info=&#8220;{}&#8220;][\/et_pb_image][\/et_pb_column][\/et_pb_row][et_pb_row column_structure=&#8220;1_2,1_2&#8243; _builder_version=&#8220;3.25&#8243; background_size=&#8220;initial&#8220; background_position=&#8220;top_left&#8220; background_repeat=&#8220;repeat&#8220; global_colors_info=&#8220;{}&#8220;][et_pb_column type=&#8220;1_2&#8243; _builder_version=&#8220;3.25&#8243; custom_padding=&#8220;|||&#8220; global_colors_info=&#8220;{}&#8220; custom_padding__hover=&#8220;|||&#8220;][et_pb_text _builder_version=&#8220;3.27.4&#8243; background_size=&#8220;initial&#8220; background_position=&#8220;top_left&#8220; background_repeat=&#8220;repeat&#8220; use_border_color=&#8220;off&#8220; border_color=&#8220;#ffffff&#8220; border_style=&#8220;solid&#8220; global_colors_info=&#8220;{}&#8220;]<strong>AKC CH. Candy&#8217;s Elite vom Graustein<\/strong><br \/>\n(Besitzer: Coreen Zygar, Canada &amp; Katharina Mattioli)<br \/>\nAmerikanischer Champion<\/p>\n<p><strong>Erfolge:<\/strong><br \/>\nR-BIG, R-WB BT National USA 2014<br \/>\n[\/et_pb_text][\/et_pb_column][et_pb_column type=&#8220;1_2&#8243; _builder_version=&#8220;3.25&#8243; custom_padding=&#8220;|||&#8220; global_colors_info=&#8220;{}&#8220; custom_padding__hover=&#8220;|||&#8220;][et_pb_image src=&#8220;http:\/\/boston-bull.ch\/site\/wp-content\/uploads\/2014\/05\/SarahCookie_web.jpg&#8220; align=&#8220;right&#8220; align_tablet=&#8220;center&#8220; align_phone=&#8220;&#8220; align_last_edited=&#8220;on|desktop&#8220; _builder_version=&#8220;3.23&#8243; animation_style=&#8220;slide&#8220; animation_direction=&#8220;left&#8220; animation_duration=&#8220;500ms&#8220; animation_intensity_slide=&#8220;10%&#8220; use_border_color=&#8220;off&#8220; border_color=&#8220;#ffffff&#8220; border_style=&#8220;solid&#8220; animation=&#8220;left&#8220; sticky=&#8220;off&#8220; always_center_on_mobile=&#8220;on&#8220; global_colors_info=&#8220;{}&#8220;][\/et_pb_image][\/et_pb_column][\/et_pb_row][et_pb_row column_structure=&#8220;1_2,1_2&#8243; _builder_version=&#8220;3.25&#8243; background_size=&#8220;initial&#8220; background_position=&#8220;top_left&#8220; background_repeat=&#8220;repeat&#8220; global_colors_info=&#8220;{}&#8220;][et_pb_column type=&#8220;1_2&#8243; _builder_version=&#8220;3.25&#8243; custom_padding=&#8220;|||&#8220; global_colors_info=&#8220;{}&#8220; custom_padding__hover=&#8220;|||&#8220;][et_pb_text _builder_version=&#8220;3.27.4&#8243; background_size=&#8220;initial&#8220; background_position=&#8220;top_left&#8220; background_repeat=&#8220;repeat&#8220; use_border_color=&#8220;off&#8220; border_color=&#8220;#ffffff&#8220; border_style=&#8220;solid&#8220; global_colors_info=&#8220;{}&#8220;]<strong>CH. Elliot&#8217;s Eyecatcher vom Graustein<\/strong><br \/>\nSch\u00f6nheits Champion Schweiz<br \/>\nJugendchampion Schweiz<br \/>\nJugendchampion Estland<br \/>\nJugenschampion San Marino<br \/>\nBundsjugendsieger AT 2014<br \/>\nCrufts Qualification 2015<br \/>\n[\/et_pb_text][\/et_pb_column][et_pb_column type=&#8220;1_2&#8243; _builder_version=&#8220;3.25&#8243; custom_padding=&#8220;|||&#8220; global_colors_info=&#8220;{}&#8220; custom_padding__hover=&#8220;|||&#8220;][et_pb_image src=&#8220;http:\/\/boston-bull.ch\/site\/wp-content\/uploads\/2015\/08\/cachBOB.jpg&#8220; align=&#8220;right&#8220; align_tablet=&#8220;center&#8220; align_phone=&#8220;&#8220; align_last_edited=&#8220;on|desktop&#8220; _builder_version=&#8220;3.23&#8243; animation_style=&#8220;slide&#8220; animation_direction=&#8220;left&#8220; animation_duration=&#8220;500ms&#8220; animation_intensity_slide=&#8220;10%&#8220; use_border_color=&#8220;off&#8220; border_color=&#8220;#ffffff&#8220; border_style=&#8220;solid&#8220; animation=&#8220;left&#8220; sticky=&#8220;off&#8220; always_center_on_mobile=&#8220;on&#8220; global_colors_info=&#8220;{}&#8220;][\/et_pb_image][\/et_pb_column][\/et_pb_row][\/et_pb_section]<\/p>\n","protected":false},"excerpt":{"rendered":"<p>MJCH. Graustein&#8217;s Might Put A Spell On YouSchweizer Jugend Sch\u00f6nheits ChampionAlpen Jugend ChampionJugend Champion \u00d6sterreich (beantragt)Jugend Champion San Marino (beantragt) Erfolge:JBIS -3JBIGAlpenjugendsiegerCrufts Qualifikation 2022JCH. Graustein&#8217;s Mistress Of EvilSchweizer Jugend Sch\u00f6nheits Champion MCH. JCH. Graustein&#8217;s Just Step AsideC.I.B. Internationaler Sch\u00f6nheits Champion FCI (pending)Schweizer Sch\u00f6nheits ChampionSchweizer Ausstellungs ChampionChampion \u00d6sterreichJugendchampion San MarinoJugendchampion SchweizMCH. CIB MJCH. Graustein&#8217;s I Am [&hellip;]<\/p>\n","protected":false},"author":2,"featured_media":0,"parent":2,"menu_order":1,"comment_status":"closed","ping_status":"closed","template":"","meta":{"_et_pb_use_builder":"on","_et_pb_old_content":"<p>[et_pb_section admin_label=\"section\"][et_pb_row admin_label=\"Zeile\"][et_pb_column type=\"1_2\"][et_pb_text admin_label=\"Text\" background_layout=\"light\" text_orientation=\"left\" use_border_color=\"off\" border_color=\"#ffffff\" border_style=\"solid\"]<\/p><p><strong>C.I.B. CH. Bijou de Paris vom Graustein<\/strong><br> C.I.B. Internationaler Sch\u00f6nheitschampion FCI<br> Schweizer Champion<br> Champion \u00d6sterreich<br> Deutscher Jugendchampion VDH<\/p><p>\u00a0<\/p><p>[\/et_pb_text][\/et_pb_column][et_pb_column type=\"1_2\"][et_pb_image admin_label=\"Bild\" \/][\/et_pb_column][\/et_pb_row][et_pb_row admin_label=\"Zeile\"][et_pb_column type=\"1_2\"][et_pb_text admin_label=\"Text\" background_layout=\"light\" text_orientation=\"left\" use_border_color=\"off\" border_color=\"#ffffff\" border_style=\"solid\"]<\/p><p><strong>JCH. Follow me to Paris vom Graustein<br> <\/strong>Jugendchampion Schweiz<\/p><p>\u00a0<\/p><p>[\/et_pb_text][\/et_pb_column][et_pb_column type=\"1_2\"][\/et_pb_column][\/et_pb_row][et_pb_row admin_label=\"Zeile\"][et_pb_column type=\"1_2\"][et_pb_text admin_label=\"Text\" background_layout=\"light\" text_orientation=\"left\" use_border_color=\"off\" border_color=\"#ffffff\" border_style=\"solid\"]<\/p><p><strong>CH. French Kiss vom Graustein<br> <\/strong>Sch\u00f6nheits Champion Schweiz<br> Ausstellungs Champion Schweiz<br> Jugendchampion Schweiz<br> Crufts Qualification 2015<\/p><p>\u00a0<\/p><p>\u00a0<\/p><p>[\/et_pb_text][\/et_pb_column][et_pb_column type=\"1_2\"][\/et_pb_column][\/et_pb_row][et_pb_row admin_label=\"Zeile\"][et_pb_column type=\"1_2\"][et_pb_text admin_label=\"Text\" background_layout=\"light\" text_orientation=\"left\" use_border_color=\"off\" border_color=\"#ffffff\" border_style=\"solid\"]<\/p><p><strong>MJCH. Graustein's I Am Incredible<\/strong><br> Jugendchampion Schweiz<br> Alpenjugendchampion<br> Jugendchampion \u00d6sterreich<br> Jugendchampion San Marino<br> 3x Crufts Qualification 2017<\/p><p>\u00a0<\/p><p>[\/et_pb_text][\/et_pb_column][et_pb_column type=\"1_2\"][et_pb_image admin_label=\"Bild\" src=\"http:\/\/boston-bull.ch\/site\/wp-content\/uploads\/2016\/12\/sanmarinoBIG2_leroy.jpg\" show_in_lightbox=\"off\" url_new_window=\"off\" use_overlay=\"off\" animation=\"left\" sticky=\"off\" align=\"right\" force_fullwidth=\"off\" always_center_on_mobile=\"on\" use_border_color=\"off\" border_color=\"#ffffff\" border_style=\"solid\" \/][\/et_pb_column][\/et_pb_row][et_pb_row admin_label=\"Zeile\"][et_pb_column type=\"1_2\"][et_pb_text admin_label=\"Text\" background_layout=\"light\" text_orientation=\"left\" use_border_color=\"off\" border_color=\"#ffffff\" border_style=\"solid\"]<\/p><p><strong>CH. Candy's Elite vom Graustein<\/strong> (Besitzer: Coreen Zygar, Canada & Katharina Mattioli)<br> Am. AKC Champion<\/p><p>[\/et_pb_text][\/et_pb_column][et_pb_column type=\"1_2\"][et_pb_image admin_label=\"Bild\" src=\"http:\/\/boston-bull.ch\/site\/wp-content\/uploads\/2014\/05\/SarahCookie_web.jpg\" show_in_lightbox=\"off\" url_new_window=\"off\" use_overlay=\"off\" animation=\"left\" sticky=\"off\" align=\"right\" force_fullwidth=\"off\" always_center_on_mobile=\"on\" use_border_color=\"off\" border_color=\"#ffffff\" border_style=\"solid\" \/][\/et_pb_column][\/et_pb_row][et_pb_row admin_label=\"Zeile\"][et_pb_column type=\"1_2\"][et_pb_text admin_label=\"Text\" background_layout=\"light\" text_orientation=\"left\" use_border_color=\"off\" border_color=\"#ffffff\" border_style=\"solid\"]<\/p><p><strong>CH. Elliots's Eyecatcher vom Graustein<\/strong><br> Champion Schweiz<br> Jugendchampion Schweiz<br> Jugendchampion Estland<br> Jugenschampion San Marino<br> Bundsjugendsieger AT 2014<br> Crufts Qualification 2015<\/p><p>[\/et_pb_text][\/et_pb_column][et_pb_column type=\"1_2\"][et_pb_image admin_label=\"Bild\" src=\"http:\/\/boston-bull.ch\/site\/wp-content\/uploads\/2015\/08\/catchBOB_2.jpg\" show_in_lightbox=\"off\" url_new_window=\"off\" use_overlay=\"off\" animation=\"left\" sticky=\"off\" align=\"right\" force_fullwidth=\"off\" always_center_on_mobile=\"on\" use_border_color=\"off\" border_color=\"#ffffff\" border_style=\"solid\" \/][\/et_pb_column][\/et_pb_row][et_pb_row admin_label=\"Zeile\"][et_pb_column type=\"1_2\"][et_pb_text admin_label=\"Text\" background_layout=\"light\" text_orientation=\"left\" use_border_color=\"off\" border_color=\"#ffffff\" border_style=\"solid\"]<\/p><p><strong>CH. MJCH. Candy's Eye of the Tiger vom Graustein<\/strong><br> Deutscher Champion VDH<br> Deutscher Champion CBD<br> Champion San Marino<br> Jugendchampion Schweiz<br> Jugendchampion Estland<br> Deutscher Jugendchampion VDH<br> Deutscher Jugendchampion CBD<br> Jugendchampion Moldova<br> Jugendchampion Macedonia<br> Jugendchampion Montenegro<br> Jugendchampion San Marino<br> Jugendchampion Zypern<br> Bundssieger AT 2014<br> Crufts Qualification 2015<\/p><p>[\/et_pb_text][\/et_pb_column][et_pb_column type=\"1_2\"][\/et_pb_column][\/et_pb_row][\/et_pb_section]<\/p>","_et_gb_content_width":"","ngg_post_thumbnail":0,"footnotes":""},"_links":{"self":[{"href":"http:\/\/boston-bull.ch\/site\/index.php?rest_route=\/wp\/v2\/pages\/1300"}],"collection":[{"href":"http:\/\/boston-bull.ch\/site\/index.php?rest_route=\/wp\/v2\/pages"}],"about":[{"href":"http:\/\/boston-bull.ch\/site\/index.php?rest_route=\/wp\/v2\/types\/page"}],"author":[{"embeddable":true,"href":"http:\/\/boston-bull.ch\/site\/index.php?rest_route=\/wp\/v2\/users\/2"}],"replies":[{"embeddable":true,"href":"http:\/\/boston-bull.ch\/site\/index.php?rest_route=%2Fwp%2Fv2%2Fcomments&post=1300"}],"version-history":[{"count":67,"href":"http:\/\/boston-bull.ch\/site\/index.php?rest_route=\/wp\/v2\/pages\/1300\/revisions"}],"predecessor-version":[{"id":3232,"href":"http:\/\/boston-bull.ch\/site\/index.php?rest_route=\/wp\/v2\/pages\/1300\/revisions\/3232"}],"up":[{"embeddable":true,"href":"http:\/\/boston-bull.ch\/site\/index.php?rest_route=\/wp\/v2\/pages\/2"}],"wp:attachment":[{"href":"http:\/\/boston-bull.ch\/site\/index.php?rest_route=%2Fwp%2Fv2%2Fmedia&parent=1300"}],"curies":[{"name":"wp","href":"https:\/\/api.w.org\/{rel}","templated":true}]}}