{"id":14,"date":"2012-03-02T21:30:22","date_gmt":"2012-03-02T21:30:22","guid":{"rendered":"http:\/\/boston-bull.ch\/site\/?page_id=14"},"modified":"2023-12-15T17:57:27","modified_gmt":"2023-12-15T17:57:27","slug":"zucht","status":"publish","type":"page","link":"http:\/\/boston-bull.ch\/site?page_id=14","title":{"rendered":"Zucht &#038; Gesundheit"},"content":{"rendered":"<p>[et_pb_section fb_built=&#8220;1&#8243; _builder_version=&#8220;4.16&#8243; background_color=&#8220;#e2140d&#8220; transparent_background=&#8220;off&#8220; make_fullwidth=&#8220;off&#8220; use_custom_width=&#8220;off&#8220; width_unit=&#8220;on&#8220; global_colors_info=&#8220;{}&#8220;][et_pb_row _builder_version=&#8220;4.16&#8243; background_size=&#8220;initial&#8220; background_position=&#8220;top_left&#8220; background_repeat=&#8220;repeat&#8220; global_colors_info=&#8220;{}&#8220;][et_pb_column type=&#8220;4_4&#8243; _builder_version=&#8220;4.16&#8243; custom_padding=&#8220;|||&#8220; global_colors_info=&#8220;{}&#8220; custom_padding__hover=&#8220;|||&#8220;][et_pb_text _builder_version=&#8220;4.16&#8243; background_size=&#8220;initial&#8220; background_position=&#8220;top_left&#8220; background_repeat=&#8220;repeat&#8220; background_layout=&#8220;dark&#8220; use_border_color=&#8220;off&#8220; border_color=&#8220;#ffffff&#8220; border_style=&#8220;solid&#8220; global_colors_info=&#8220;{}&#8220;]<\/p>\n<h3 style=\"text-align: center;\">Wir sind 100% davon \u00fcberzeugt, dass Gesundheitstests f\u00fcr Zuchthunde viel Leid f\u00fcr die Hunde, deren Nachkommen und nat\u00fcrlich auch deren Besitzer verhindern k\u00f6nnen. Aus diesem Grund wird bei uns aus Liebe zur Rasse Boston Terrier jeder Hund getestet. Selbstverst\u00e4ndlich achten wir auch bei der Wahl der Zuchtr\u00fcden darauf, dass diese getestet wurden.<\/h3>\n<p>&nbsp;<\/p>\n<p>[\/et_pb_text][et_pb_text _builder_version=&#8220;4.16&#8243; _module_preset=&#8220;default&#8220; global_colors_info=&#8220;{}&#8220;]<\/p>\n<h3 style=\"text-align: center;\"><span style=\"color: #ffffff;\">&#8222;Gesundheit ist kein Zuchtziel &#8211; Gesundheit ist Voraussetzung!&#8220;<\/span><\/h3>\n<p>[\/et_pb_text][\/et_pb_column][\/et_pb_row][\/et_pb_section][et_pb_section fb_built=&#8220;1&#8243; admin_label=&#8220;section&#8220; _builder_version=&#8220;4.16&#8243; global_colors_info=&#8220;{}&#8220;][et_pb_row column_structure=&#8220;3_5,2_5&#8243; _builder_version=&#8220;4.16&#8243; background_size=&#8220;initial&#8220; background_position=&#8220;top_left&#8220; background_repeat=&#8220;repeat&#8220; global_colors_info=&#8220;{}&#8220;][et_pb_column type=&#8220;3_5&#8243; _builder_version=&#8220;4.16&#8243; custom_padding=&#8220;|||&#8220; global_colors_info=&#8220;{}&#8220; custom_padding__hover=&#8220;|||&#8220;][et_pb_text _builder_version=&#8220;4.16&#8243; background_size=&#8220;initial&#8220; background_position=&#8220;top_left&#8220; background_repeat=&#8220;repeat&#8220; use_border_color=&#8220;off&#8220; border_color=&#8220;#ffffff&#8220; border_style=&#8220;solid&#8220; global_colors_info=&#8220;{}&#8220;]<\/p>\n<div>\n<p><strong>Weshalb sollen Zuchthunde Gesundheitstests machen?<\/strong><br \/>\nObwohl Boston Terrier die besten Hunde der Welt sind, gibt es jedoch wie bei jeder Hunderasse und somit auch bei Mischlingen Pr\u00e4dispositionen (m\u00f6gliche Vorbelastungen durch die Gene) f\u00fcr bestimmte Erkrankungen. Alle Graustein Hunde werden auf rassetypische Krankheiten untersucht. Wir wollen keinen Hund bzw. die Rasse krank reden doch\u2026<\/p>\n<p>M\u00f6gliche Pr\u00e4dispositionen beim Boston Terrier sind zum Beispiel Patella (Kniescheibe), Jugendlicher Katarakt (vollst\u00e4ndige Erblindung durch den Grauen Star im Alter zwischen der 8. Lebenswoche und dem 6. Lebensjahr). Durch den K\u00f6rperbau des Boston Terrier k\u00f6nnen verschiedene Wirbels\u00e4ulenerkrankungen auftreten. Congenital Deafness (Geh\u00f6rlosigkeit) kommt vor, wenn auch sehr selten. Durch die entsprechenden Gesundheitstests werden belastete Hunde nicht in der Zucht eingesetzt und die Gesundheit der Boston Terrier weiter stabilisiert und gef\u00f6rdert.<br \/>\n<strong><br \/>\n<\/strong><\/p>\n<\/div>\n<p>[\/et_pb_text][\/et_pb_column][et_pb_column type=&#8220;2_5&#8243; _builder_version=&#8220;4.16&#8243; custom_padding=&#8220;|||&#8220; global_colors_info=&#8220;{}&#8220; custom_padding__hover=&#8220;|||&#8220;][et_pb_image src=&#8220;http:\/\/boston-bull.ch\/site\/wp-content\/uploads\/2021\/04\/Bildschirmfoto-2021-04-21-um-21.22.58-e1619033103265-300&#215;300.png&#8220; title_text=&#8220;Bildschirmfoto 2021-04-21 um 21.22.58&#8243; align=&#8220;right&#8220; _builder_version=&#8220;4.16&#8243; _module_preset=&#8220;default&#8220; global_colors_info=&#8220;{}&#8220;][\/et_pb_image][\/et_pb_column][\/et_pb_row][\/et_pb_section][et_pb_section fb_built=&#8220;1&#8243; _builder_version=&#8220;4.16&#8243; global_colors_info=&#8220;{}&#8220;][et_pb_row column_structure=&#8220;1_2,1_2&#8243; _builder_version=&#8220;4.16&#8243; background_size=&#8220;initial&#8220; background_position=&#8220;top_left&#8220; background_repeat=&#8220;repeat&#8220; global_colors_info=&#8220;{}&#8220;][et_pb_column type=&#8220;1_2&#8243; _builder_version=&#8220;4.16&#8243; custom_padding=&#8220;|||&#8220; global_colors_info=&#8220;{}&#8220; custom_padding__hover=&#8220;|||&#8220;][et_pb_blurb title=&#8220;Alle unsere Hunde werden auf folgendes getestet&#8220; use_icon=&#8220;on&#8220; font_icon=&#8220;&#x55;||divi||400&#8243; icon_color=&#8220;#ffffff&#8220; image_icon_background_color=&#8220;#e2140d&#8220; image_icon_width=&#8220;48px&#8220; _builder_version=&#8220;4.16&#8243; background_size=&#8220;initial&#8220; background_position=&#8220;top_left&#8220; background_repeat=&#8220;repeat&#8220; image_icon_custom_padding=&#8220;25px|25px|25px|25px|false|false&#8220; text_orientation=&#8220;center&#8220; border_radii_image=&#8220;on|100%|100%|100%|100%&#8220; use_border_color=&#8220;off&#8220; border_color=&#8220;#ffffff&#8220; border_style=&#8220;solid&#8220; use_circle=&#8220;on&#8220; global_colors_info=&#8220;{}&#8220; image_icon_background_color__sticky_enabled=&#8220;#e2140d&#8220; image_icon_background_color__sticky=&#8220;#e2140d&#8220;]<\/p>\n<p style=\"text-align: center;\">Patella Luxation (Kniescheibe)<br \/>\nBAER (H\u00f6rtest)<br \/>\nDNA Juveniler Cataract (EHC) (Jugendlicher Grauer Star)<br \/>\nCAER (Augenuntersuchung)<br \/>\nWirbels\u00e4ule &amp; H\u00fcfte (R\u00f6ntgenbild)<\/p>\n<p>[\/et_pb_blurb][\/et_pb_column][et_pb_column type=&#8220;1_2&#8243; _builder_version=&#8220;4.16&#8243; custom_padding=&#8220;|||&#8220; global_colors_info=&#8220;{}&#8220; custom_padding__hover=&#8220;|||&#8220;][et_pb_blurb title=&#8220;Wichtig&#8220; use_icon=&#8220;on&#8220; font_icon=&#8220;&#x73;||divi||400&#8243; icon_color=&#8220;#ffffff&#8220; image_icon_background_color=&#8220;#e2140d&#8220; image_icon_width=&#8220;48px&#8220; _builder_version=&#8220;4.16&#8243; background_size=&#8220;initial&#8220; background_position=&#8220;top_left&#8220; background_repeat=&#8220;repeat&#8220; image_icon_custom_padding=&#8220;25px|25px|25px|25px|false|false&#8220; text_orientation=&#8220;center&#8220; border_radii_image=&#8220;on|100%|100%|100%|100%&#8220; use_border_color=&#8220;off&#8220; border_color=&#8220;#ffffff&#8220; border_style=&#8220;solid&#8220; use_circle=&#8220;on&#8220; global_colors_info=&#8220;{}&#8220; image_icon_background_color__sticky_enabled=&#8220;#e2140d&#8220; image_icon_background_color__sticky=&#8220;#e2140d&#8220;]<\/p>\n<p style=\"text-align: center;\">Es liegt in der Natur der Sache, dass diese Tests der Elterntiere keine 100% Garantie daf\u00fcr geben, dass die Nachkommen alle ohne Gesundheitsprobleme sind. Jedoch k\u00f6nnen wir mit bestem Wissen und Gewissen sagen, dass wir alles M\u00f6gliche dazu unternommen haben.<\/p>\n<p>[\/et_pb_blurb][\/et_pb_column][\/et_pb_row][\/et_pb_section][et_pb_section fb_built=&#8220;1&#8243; _builder_version=&#8220;4.16&#8243; background_color=&#8220;#e2140d&#8220; transparent_background=&#8220;off&#8220; make_fullwidth=&#8220;off&#8220; use_custom_width=&#8220;off&#8220; width_unit=&#8220;on&#8220; global_colors_info=&#8220;{}&#8220;][et_pb_row _builder_version=&#8220;4.16&#8243; background_size=&#8220;initial&#8220; background_position=&#8220;top_left&#8220; background_repeat=&#8220;repeat&#8220; global_colors_info=&#8220;{}&#8220;][et_pb_column type=&#8220;4_4&#8243; _builder_version=&#8220;4.16&#8243; custom_padding=&#8220;|||&#8220; global_colors_info=&#8220;{}&#8220; custom_padding__hover=&#8220;|||&#8220;][et_pb_text _builder_version=&#8220;4.16&#8243; background_size=&#8220;initial&#8220; background_position=&#8220;top_left&#8220; background_repeat=&#8220;repeat&#8220; background_layout=&#8220;dark&#8220; use_border_color=&#8220;off&#8220; border_color=&#8220;#ffffff&#8220; border_style=&#8220;solid&#8220; global_colors_info=&#8220;{}&#8220;]<\/p>\n<h3 style=\"text-align: center;\">Warum Z\u00fcchter mit ihren Hunden an Ausstellungen teilnehmen sollten.<\/p>\n<p>&#8222;Horizonterweiterung und sportliche Aktivit\u00e4t&#8220;<\/h3>\n<p>[\/et_pb_text][\/et_pb_column][\/et_pb_row][\/et_pb_section][et_pb_section fb_built=&#8220;1&#8243; _builder_version=&#8220;4.16&#8243; global_colors_info=&#8220;{}&#8220;][et_pb_row column_structure=&#8220;1_2,1_2&#8243; _builder_version=&#8220;4.16&#8243; _module_preset=&#8220;default&#8220; global_colors_info=&#8220;{}&#8220;][et_pb_column type=&#8220;1_2&#8243; _builder_version=&#8220;4.16&#8243; _module_preset=&#8220;default&#8220; global_colors_info=&#8220;{}&#8220;][et_pb_text _builder_version=&#8220;4.16&#8243; _module_preset=&#8220;default&#8220; global_colors_info=&#8220;{}&#8220;]<\/p>\n<p><strong>Aus Sicht des Z\u00fcchters<\/strong><br \/>Z\u00fcchter haben kaum so viel Gelegenheit andere Hunde der selben Rasse zu sehen als auf Ausstellungen.<br \/>Vor allem wenn sie international unterwegs sind.<br \/>Austellungen dienen nicht nur zur Kontaktaufnahme mit anderen Z\u00fcchtern sondern auch zur Erkennung von Trends in der eigenen Rasse (positiv oder negativ) und nicht zu Letzt, k\u00f6nnen sie die eigene Nachzucht mit anderen Hunden unter Ber\u00fccksichtigung des Rassestandards vergleichen.<\/p>\n<p><strong>Ist das ein Sport?<\/strong><br \/>Das Training geh\u00f6rt auf jeden Fall auf die Liste von hundesportlichen Aktivit\u00e4ten. Es steckt viel Arbeit dahinter um ein gutes Team im Ring zu werden. Richtig gemacht, haben alle Beteiligten sehr viel Spass an der Vorbereitung und dann auch an der Show. <\/p>\n<p>[\/et_pb_text][\/et_pb_column][et_pb_column type=&#8220;1_2&#8243; _builder_version=&#8220;4.16&#8243; _module_preset=&#8220;default&#8220; global_colors_info=&#8220;{}&#8220;][et_pb_text _builder_version=&#8220;4.16&#8243; _module_preset=&#8220;default&#8220; global_colors_info=&#8220;{}&#8220;]<\/p>\n<p><strong>Aus Sicht des Hundes<\/strong><br \/>Ein Showhund wird nicht als Showhund geboren.<\/p>\n<p>Hunde werden mit Sorgfalt, Liebe, Entschlossenheit und entsprechendem Training zum Ausstellungshund gemacht.<\/p>\n<p>Showhunde gehen nicht einfach in den Ring und rennen planlos herum. Der Handler muss sich auf jeden Hund einlassen um ihn optimal zu zeigen. Einfach nur im Kreis gehen und hinstellen reicht da nicht. Ablauf, angemessener Gang, Verhalten und entpsrechende Pflege sind nur einige Punkte die zu beachten sind. Dies muss alles gelernt werden.<\/p>\n<p>Wichtig:<br \/>Nicht jeder Hund eignet sich zum Show- Ausstellungshund.<\/p>\n<p>[\/et_pb_text][\/et_pb_column][\/et_pb_row][\/et_pb_section][et_pb_section fb_built=&#8220;1&#8243; _builder_version=&#8220;4.16&#8243; background_color=&#8220;#e2140d&#8220; transparent_background=&#8220;off&#8220; make_fullwidth=&#8220;off&#8220; use_custom_width=&#8220;off&#8220; width_unit=&#8220;on&#8220; global_colors_info=&#8220;{}&#8220;][et_pb_row _builder_version=&#8220;4.16&#8243; background_size=&#8220;initial&#8220; background_position=&#8220;top_left&#8220; background_repeat=&#8220;repeat&#8220; global_colors_info=&#8220;{}&#8220;][et_pb_column type=&#8220;4_4&#8243; _builder_version=&#8220;4.16&#8243; custom_padding=&#8220;|||&#8220; global_colors_info=&#8220;{}&#8220; custom_padding__hover=&#8220;|||&#8220;][et_pb_text _builder_version=&#8220;4.16&#8243; background_size=&#8220;initial&#8220; background_position=&#8220;top_left&#8220; background_repeat=&#8220;repeat&#8220; background_layout=&#8220;dark&#8220; use_border_color=&#8220;off&#8220; border_color=&#8220;#ffffff&#8220; border_style=&#8220;solid&#8220; global_colors_info=&#8220;{}&#8220;]<\/p>\n<h3 style=\"text-align: center;\">Ern\u00e4hrung&#8230;<\/h3>\n<p>[\/et_pb_text][\/et_pb_column][\/et_pb_row][\/et_pb_section][et_pb_section fb_built=&#8220;1&#8243; _builder_version=&#8220;4.16&#8243; global_colors_info=&#8220;{}&#8220;][et_pb_row _builder_version=&#8220;4.16&#8243; background_size=&#8220;initial&#8220; background_position=&#8220;top_left&#8220; background_repeat=&#8220;repeat&#8220; global_colors_info=&#8220;{}&#8220;][et_pb_column type=&#8220;4_4&#8243; _builder_version=&#8220;4.16&#8243; custom_padding=&#8220;|||&#8220; global_colors_info=&#8220;{}&#8220; custom_padding__hover=&#8220;|||&#8220;][et_pb_text _builder_version=&#8220;4.16&#8243; background_size=&#8220;initial&#8220; background_position=&#8220;top_left&#8220; background_repeat=&#8220;repeat&#8220; use_border_color=&#8220;off&#8220; border_color=&#8220;#ffffff&#8220; border_style=&#8220;solid&#8220; global_colors_info=&#8220;{}&#8220;]<\/p>\n<p>Die mentale und k\u00f6rperliche Gesundheit\u00a0 unserer Hunde ist uns sehr wichtig, aus diesem Grund achten wir auf eine artgerechte, gesunde Ern\u00e4hrung! Nachdem wir anf\u00e4nglich zus\u00e4tzlich zum Fertigfutter frisch gekocht haben, sind wir im laufe der Zeit auf Rohf\u00fctterung umgestiegen. Die Mahlzeiten bestehen aus frischem, hochwertigem Fleisch, p\u00fcriertem Gem\u00fcse\/Fr\u00fcchte, Knochen und\u00a0 diversen nat\u00fcrlichen Zus\u00e4tzen.<\/p>\n<p>Pumpkin war eigentlich immer ein sehr m\u00e4keliger Esser seit wir jedoch roh f\u00fcttern, ist auch ihr Napf schnell leer. Die Hunde haben Spass am Essen und so soll es doch auch sein. Wir sind eigentlich nur noch sehr selten beim Tierarzt anzutreffen. Ausserdem haben wir festgestellt, dass unsere von Anfang an rohgef\u00fctterten Junghunde zwar etwas langsamer aber kontinuierlich wachsen. Wir sind davon \u00fcberzeugt, dass dies der Gesundheit unserer Hunde nur dienen kann. Noch so gerne geben wir Ihnen die Zeit, die sie brauchen, um sich gesund zu entwickeln.<\/p>\n<p>Jeder unserer Hunde hat einen auf seine Bed\u00fcrfnisse ausgerichteten Futterplan. Die ausgewachsenen Hunde bekommen eine Futtermenge von 2-3% Ihres K\u00f6rpergewichts pro Tag. Welpen und Junghunde 4-6%. Klingt kompliziert? Ist es aber nicht, Es macht sogar viel mehr Spass dieses Futter vorzubereiten als einfach die Tasse in den TroFu-Sack zu halten. Und viel mehr Arbeit ist es auch nicht, man muss sich einfach darauf einlassen!<\/p>\n<p>[\/et_pb_text][\/et_pb_column][\/et_pb_row][\/et_pb_section][et_pb_section fb_built=&#8220;1&#8243; _builder_version=&#8220;4.16&#8243; background_color=&#8220;#898989&#8243; global_colors_info=&#8220;{}&#8220;][et_pb_row _builder_version=&#8220;4.16&#8243; background_size=&#8220;initial&#8220; background_position=&#8220;top_left&#8220; background_repeat=&#8220;repeat&#8220; global_colors_info=&#8220;{}&#8220;][et_pb_column type=&#8220;4_4&#8243; _builder_version=&#8220;4.16&#8243; custom_padding=&#8220;|||&#8220; global_colors_info=&#8220;{}&#8220; custom_padding__hover=&#8220;|||&#8220;][et_pb_text _builder_version=&#8220;4.16&#8243; global_colors_info=&#8220;{}&#8220;]<span style=\"color: #000000;\">wir leben einen abwechslungsreichen und aktiven Alltag&#8230;<\/span><br \/>\n[\/et_pb_text][\/et_pb_column][\/et_pb_row][et_pb_row column_structure=&#8220;1_3,1_3,1_3&#8243; _builder_version=&#8220;4.16&#8243; background_size=&#8220;initial&#8220; background_position=&#8220;top_left&#8220; background_repeat=&#8220;repeat&#8220; global_colors_info=&#8220;{}&#8220;][et_pb_column type=&#8220;1_3&#8243; _builder_version=&#8220;4.16&#8243; custom_padding=&#8220;|||&#8220; global_colors_info=&#8220;{}&#8220; custom_padding__hover=&#8220;|||&#8220;][et_pb_image src=&#8220;http:\/\/boston-bull.ch\/site\/wp-content\/uploads\/2023\/12\/wandern19.jpg&#8220; align_tablet=&#8220;center&#8220; align_phone=&#8220;&#8220; align_last_edited=&#8220;on|desktop&#8220; _builder_version=&#8220;4.23.1&#8243; hover_enabled=&#8220;0&#8243; always_center_on_mobile=&#8220;on&#8220; global_colors_info=&#8220;{}&#8220; title_text=&#8220;wandern19&#8243; sticky_enabled=&#8220;0&#8243;][\/et_pb_image][\/et_pb_column][et_pb_column type=&#8220;1_3&#8243; _builder_version=&#8220;4.16&#8243; custom_padding=&#8220;|||&#8220; global_colors_info=&#8220;{}&#8220; custom_padding__hover=&#8220;|||&#8220;][et_pb_image src=&#8220;http:\/\/boston-bull.ch\/site\/wp-content\/uploads\/2023\/12\/leroy_outdoor-scaled.jpg&#8220; align_tablet=&#8220;center&#8220; align_phone=&#8220;&#8220; align_last_edited=&#8220;on|desktop&#8220; _builder_version=&#8220;4.23.1&#8243; hover_enabled=&#8220;0&#8243; always_center_on_mobile=&#8220;on&#8220; global_colors_info=&#8220;{}&#8220; title_text=&#8220;leroy_outdoor&#8220; sticky_enabled=&#8220;0&#8243;][\/et_pb_image][\/et_pb_column][et_pb_column type=&#8220;1_3&#8243; _builder_version=&#8220;4.16&#8243; custom_padding=&#8220;|||&#8220; global_colors_info=&#8220;{}&#8220; custom_padding__hover=&#8220;|||&#8220;][et_pb_image src=&#8220;http:\/\/boston-bull.ch\/site\/wp-content\/uploads\/2023\/12\/tdr19.jpg&#8220; align_tablet=&#8220;center&#8220; align_phone=&#8220;&#8220; align_last_edited=&#8220;on|desktop&#8220; _builder_version=&#8220;4.23.1&#8243; hover_enabled=&#8220;0&#8243; always_center_on_mobile=&#8220;on&#8220; global_colors_info=&#8220;{}&#8220; title_text=&#8220;tdr19&#8243; sticky_enabled=&#8220;0&#8243;][\/et_pb_image][\/et_pb_column][\/et_pb_row][\/et_pb_section]<\/p>\n","protected":false},"excerpt":{"rendered":"<p>Wir sind 100% davon \u00fcberzeugt, dass Gesundheitstests f\u00fcr Zuchthunde viel Leid f\u00fcr die Hunde, deren Nachkommen und nat\u00fcrlich auch deren Besitzer verhindern k\u00f6nnen. Aus diesem Grund wird bei uns aus Liebe zur Rasse Boston Terrier jeder Hund getestet. Selbstverst\u00e4ndlich achten wir auch bei der Wahl der Zuchtr\u00fcden darauf, dass diese getestet wurden. &nbsp;&#8222;Gesundheit ist kein [&hellip;]<\/p>\n","protected":false},"author":2,"featured_media":322,"parent":0,"menu_order":300,"comment_status":"closed","ping_status":"closed","template":"","meta":{"_et_pb_use_builder":"on","_et_pb_old_content":"<div><p><img class=\"alignleft size-medium wp-image-322\" title=\"Zucht\" src=\"http:\/\/boston-bull.ch\/site\/wp-content\/uploads\/2012\/03\/Zucht-300x201.jpg\" alt=\"\" width=\"300\" height=\"201\"><strong>Weshalb sollen Zuchthunde Gesundheitstests machen?<\/strong><br> Obwohl Boston Terrier die besten Hunde der Welt sind, gibt es jedoch wie bei jeder Hunderasse und somit auch bei Mischlingen Pr\u00e4dispositionen (m\u00f6gliche Vorbelastungen durch die Gene) f\u00fcr bestimmte Erkrankungen. Alle Graustein Hunde werden auf rassetypische Krankheiten untersucht. Wir wollen keinen Hund bzw. die Rasse krank reden doch\u2026<\/p><p>M\u00f6gliche Pr\u00e4dispositionen beim Boston Terrier sind zum Beispiel Patella (Kniescheibe), Jugendlicher Katarakt (vollst\u00e4ndige Erblindung durch den Grauen Star im Alter zwischen der 8. Lebenswoche und dem 6. Lebensjahr). Durch den K\u00f6rperbau des Boston Terrier k\u00f6nnen verschiedene Wirbels\u00e4ulenerkrankungen auftreten. Congenital Deafness (Geh\u00f6rlosigkeit) kommt vor, wenn auch sehr selten. Durch die entsprechenden Gesundheitstests werden belastete Hunde nicht in der Zucht eingesetzt und die Gesundheit der Boston Terrier weiter stabilisiert und gef\u00f6rdert.<\/p><p>Wir sind 100% davon \u00fcberzeugt, dass eben diese Gesundheitstests f\u00fcr Zuchthunde viel Leid f\u00fcr die Hunde, deren Nachkommen und nat\u00fcrlich auch deren Besitzer verhindern k\u00f6nnen. Aus diesem Grund wird bei uns aus Liebe zur Rasse Boston Terrier jeder Hund getestet. Selbstverst\u00e4ndlich achten wir auch bei der Wahl der Zuchtr\u00fcden darauf, dass diese getestet wurden.<\/p><br><p><strong><br> <\/strong><\/p><\/div>","_et_gb_content_width":"","ngg_post_thumbnail":0,"footnotes":""},"_links":{"self":[{"href":"http:\/\/boston-bull.ch\/site\/index.php?rest_route=\/wp\/v2\/pages\/14"}],"collection":[{"href":"http:\/\/boston-bull.ch\/site\/index.php?rest_route=\/wp\/v2\/pages"}],"about":[{"href":"http:\/\/boston-bull.ch\/site\/index.php?rest_route=\/wp\/v2\/types\/page"}],"author":[{"embeddable":true,"href":"http:\/\/boston-bull.ch\/site\/index.php?rest_route=\/wp\/v2\/users\/2"}],"replies":[{"embeddable":true,"href":"http:\/\/boston-bull.ch\/site\/index.php?rest_route=%2Fwp%2Fv2%2Fcomments&post=14"}],"version-history":[{"count":42,"href":"http:\/\/boston-bull.ch\/site\/index.php?rest_route=\/wp\/v2\/pages\/14\/revisions"}],"predecessor-version":[{"id":3368,"href":"http:\/\/boston-bull.ch\/site\/index.php?rest_route=\/wp\/v2\/pages\/14\/revisions\/3368"}],"wp:featuredmedia":[{"embeddable":true,"href":"http:\/\/boston-bull.ch\/site\/index.php?rest_route=\/wp\/v2\/media\/322"}],"wp:attachment":[{"href":"http:\/\/boston-bull.ch\/site\/index.php?rest_route=%2Fwp%2Fv2%2Fmedia&parent=14"}],"curies":[{"name":"wp","href":"https:\/\/api.w.org\/{rel}","templated":true}]}}