{"id":16,"date":"2012-03-02T21:30:46","date_gmt":"2012-03-02T21:30:46","guid":{"rendered":"http:\/\/boston-bull.ch\/site\/?page_id=16"},"modified":"2021-04-20T12:50:09","modified_gmt":"2021-04-20T12:50:09","slug":"welpen","status":"publish","type":"page","link":"http:\/\/boston-bull.ch\/site?page_id=16","title":{"rendered":"Welpen"},"content":{"rendered":"<p>[et_pb_section fb_built=&#8220;1&#8243; admin_label=&#8220;section&#8220; _builder_version=&#8220;3.22&#8243;][et_pb_row _builder_version=&#8220;3.25&#8243; background_size=&#8220;initial&#8220; background_position=&#8220;top_left&#8220; background_repeat=&#8220;repeat&#8220; column_structure=&#8220;1_2,1_2&#8243;][et_pb_column type=&#8220;1_2&#8243; _builder_version=&#8220;3.25&#8243; custom_padding=&#8220;|||&#8220; custom_padding__hover=&#8220;|||&#8220;][et_pb_image src=&#8220;http:\/\/boston-bull.ch\/site\/wp-content\/uploads\/2015\/03\/12027574_10208086622507727_1394569825060959628_n.jpg&#8220; align_tablet=&#8220;center&#8220; align_last_edited=&#8220;on|desktop&#8220; _builder_version=&#8220;3.23&#8243; animation_style=&#8220;slide&#8220; animation_direction=&#8220;left&#8220; animation_duration=&#8220;500ms&#8220; animation_intensity_slide=&#8220;10%&#8220; animation=&#8220;left&#8220; sticky=&#8220;off&#8220; use_border_color=&#8220;off&#8220; border_color=&#8220;#ffffff&#8220; border_style=&#8220;solid&#8220; always_center_on_mobile=&#8220;on&#8220;][\/et_pb_image][\/et_pb_column][et_pb_column type=&#8220;1_2&#8243; _builder_version=&#8220;3.25&#8243; custom_padding=&#8220;|||&#8220; custom_padding__hover=&#8220;|||&#8220;][et_pb_blurb title=&#8220;Wir haben im Moment keine Welpen, unseren n\u00e4chsten Wurf haben wir f\u00fcr Herbst 2021 geplant.&#8220; use_icon=&#8220;on&#8220; font_icon=&#8220;%%83%%&#8220; icon_color=&#8220;#ffffff&#8220; use_circle=&#8220;on&#8220; _builder_version=&#8220;4.9.4&#8243; background_size=&#8220;initial&#8220; background_position=&#8220;top_left&#8220; background_repeat=&#8220;repeat&#8220; text_orientation=&#8220;center&#8220; max_width_tablet=&#8220;50px&#8220; hover_enabled=&#8220;0&#8243; sticky_enabled=&#8220;0&#8243;][\/et_pb_blurb][\/et_pb_column][\/et_pb_row][et_pb_row _builder_version=&#8220;3.25&#8243; background_size=&#8220;initial&#8220; background_position=&#8220;top_left&#8220; background_repeat=&#8220;repeat&#8220;][et_pb_column type=&#8220;4_4&#8243; _builder_version=&#8220;3.25&#8243; custom_padding=&#8220;|||&#8220; custom_padding__hover=&#8220;|||&#8220;][et_pb_text _builder_version=&#8220;3.27.4&#8243; background_size=&#8220;initial&#8220; background_position=&#8220;top_left&#8220; background_repeat=&#8220;repeat&#8220; use_border_color=&#8220;off&#8220; border_color=&#8220;#ffffff&#8220; border_style=&#8220;solid&#8220;]<strong>Aufzucht:<\/strong><br \/>\nWir legen sehr grossen Wert auf die bestm\u00f6gliche Sozialisierung unserer Welpen. Die Kleinen leben bei und mit uns, so dass sie von Anfang an unserern Alltag erleben. Es steht ihnen ein grosser Auslauf mit abwechslungsreichem Welpenspielplatz, der nebst Spass auch die Sinne und den Bewegungsapparat f\u00f6rdert, zur Verf\u00fcgung. In unserem grossen Garten haben die Welpen ebenfalls einen Spiel- bzw. Entdeckungsplatz mit direktem Anschluss zu unserem Haus. Autofahren, fremde Erwachsene und Kinder kennenlernen sowie das Erkunden der Aussenwelt stehen ebenfalls auf dem Programm.<br \/>\n[\/et_pb_text][et_pb_text _builder_version=&#8220;3.27.4&#8243; background_size=&#8220;initial&#8220; background_position=&#8220;top_left&#8220; background_repeat=&#8220;repeat&#8220; use_border_color=&#8220;off&#8220; border_color=&#8220;#ffffff&#8220; border_style=&#8220;solid&#8220;]<strong>Vor der Abgabe:<\/strong><br \/>\nNebst dem \u00fcblichen Chipen und impfen werden seit unserem A-Wurf alle Welpen im Alter von 8 Wochen nach der Puppy-Puzzle Methode von Pat Hastings evaluiert damit wir so den optimalen Platz f\u00fcr jeden einzelnen bestimmen k\u00f6nnen. Ebenfalls haben wir mit dem E-Wurf angefangen auch all unsere Welpen einem H\u00f6rtest zu unterziehen, wie auf der Seite <a href=\"http:\/\/boston-bull.ch\/site\/?page_id=14\">Zucht<\/a> beschrieben, kann beim Boston Terrier Congenital Deafness (Geh\u00f6rlosigkeit) vorkommen, ist aber eher selten. Wir waren zum Gl\u00fcck noch nie betroffen, aber um dies wirklich auschliessen zu k\u00f6nnen, werden unsere Welpen vor der Abgabe durch einen zertifizierten Tierarzt getestet.<br \/>\n[\/et_pb_text][et_pb_text _builder_version=&#8220;3.27.4&#8243; background_size=&#8220;initial&#8220; background_position=&#8220;top_left&#8220; background_repeat=&#8220;repeat&#8220; use_border_color=&#8220;off&#8220; border_color=&#8220;#ffffff&#8220; border_style=&#8220;solid&#8220;]<strong>Neue Familien:<\/strong><br \/>\nEbenso wie wir die Deckr\u00fcden passend zu unseren H\u00fcndinnen sorgf\u00e4ltig aussuchen, werden auch die neuen Familien der Graustein Welpen sorgf\u00e4ltig ausgesucht und wir stehen den zuk\u00fcnftigen Besitzern jederzeit mit Rat und Tat zur Seite. Unsere Hunde geh\u00f6ren zu unserer Familie uns es ist uns sehr wichtig, dass auch die Graustein Welpen in ihren neuen Familien so aufgenommen werden und ihren festen Platz haben.<br \/>\n[\/et_pb_text][\/et_pb_column][\/et_pb_row][\/et_pb_section][et_pb_section fb_built=&#8220;1&#8243; _builder_version=&#8220;3.22&#8243;][et_pb_row _builder_version=&#8220;3.25&#8243; background_size=&#8220;initial&#8220; background_position=&#8220;top_left&#8220; background_repeat=&#8220;repeat&#8220; column_structure=&#8220;1_2,1_2&#8243;][et_pb_column type=&#8220;1_2&#8243; _builder_version=&#8220;3.25&#8243; custom_padding=&#8220;|||&#8220; custom_padding__hover=&#8220;|||&#8220;][et_pb_blurb title=&#8220;Interesse?&#8220; use_icon=&#8220;on&#8220; font_icon=&#8220;%%82%%&#8220; icon_color=&#8220;#ffffff&#8220; use_circle=&#8220;on&#8220; _builder_version=&#8220;3.0.87&#8243; background_size=&#8220;initial&#8220; background_position=&#8220;top_left&#8220; background_repeat=&#8220;repeat&#8220; text_orientation=&#8220;center&#8220; use_border_color=&#8220;off&#8220; border_color=&#8220;#ffffff&#8220; border_style=&#8220;solid&#8220;]<\/p>\n<p style=\"text-align: center;\"><strong>Sie sind interessiert an einem Graustein Welpen?<\/strong><br \/>\nSie k\u00f6nnen uns nach Absprache gerne besuchen um uns und unser Rudel kennen zu lernen.<\/p>\n<p>ngg_shortcode_0_placeholder<br \/>\n[\/et_pb_blurb][\/et_pb_column][et_pb_column type=&#8220;1_2&#8243; _builder_version=&#8220;3.25&#8243; custom_padding=&#8220;|||&#8220; custom_padding__hover=&#8220;|||&#8220;][et_pb_blurb title=&#8220;Wichtige Fragen&#8220; use_icon=&#8220;on&#8220; font_icon=&#8220;%%49%%&#8220; icon_color=&#8220;#ffffff&#8220; use_circle=&#8220;on&#8220; _builder_version=&#8220;3.0.87&#8243; background_size=&#8220;initial&#8220; background_position=&#8220;top_left&#8220; background_repeat=&#8220;repeat&#8220; text_orientation=&#8220;center&#8220; use_border_color=&#8220;off&#8220; border_color=&#8220;#ffffff&#8220; border_style=&#8220;solid&#8220;]<\/p>\n<p style=\"text-align: center;\"><strong>Bitte nehmen Sie sich kurz Zeit um \u00fcber folgende Fragen nachzudenken und treten Sie dann mit uns in Kontakt:<\/strong><br \/>\nWarum m\u00f6chten Sie einen Boston Terrier?<br \/>\nWie wird Ihr zuk\u00fcnftiger Hund mit Ihnen leben? In einem Haus oder in einer Wohnung?<br \/>\nHaben Sie einen Garten? Wenn \u201cJa\u201d ist dieser eingez\u00e4unt?<br \/>\nWo wird Ihr Hund tags\u00fcber sein?<br \/>\nWieviele Stunden verbringt der Hund t\u00e4glich alleine zu Hause?<br \/>\nWas m\u00f6chten Sie mit Ihrem Boston machen? (Schule, Kurse, Sport\u2026)<br \/>\nHaben Sie noch andere Tiere? Welche?<br \/>\nSind Sie Ersthundehalter oder haben Sie schon Erfahrung mit Hunden?<\/p>\n<p>[\/et_pb_blurb][\/et_pb_column][\/et_pb_row][\/et_pb_section][et_pb_section fb_built=&#8220;1&#8243; _builder_version=&#8220;3.22&#8243; background_color=&#8220;#898989&#8243;][et_pb_row _builder_version=&#8220;3.25&#8243; background_size=&#8220;initial&#8220; background_position=&#8220;top_left&#8220; background_repeat=&#8220;repeat&#8220; column_structure=&#8220;1_3,1_3,1_3&#8243;][et_pb_column type=&#8220;1_3&#8243; _builder_version=&#8220;3.25&#8243; custom_padding=&#8220;|||&#8220; custom_padding__hover=&#8220;|||&#8220;][et_pb_image src=&#8220;http:\/\/boston-bull.ch\/site\/wp-content\/uploads\/2019\/10\/IMG_6964.jpg&#8220; align_tablet=&#8220;center&#8220; align_last_edited=&#8220;on|desktop&#8220; _builder_version=&#8220;3.23&#8243; always_center_on_mobile=&#8220;on&#8220;][\/et_pb_image][\/et_pb_column][et_pb_column type=&#8220;1_3&#8243; _builder_version=&#8220;3.25&#8243; custom_padding=&#8220;|||&#8220; custom_padding__hover=&#8220;|||&#8220;][et_pb_image src=&#8220;http:\/\/boston-bull.ch\/site\/wp-content\/uploads\/2019\/10\/IMG_5813.jpg&#8220; align_tablet=&#8220;center&#8220; align_last_edited=&#8220;on|desktop&#8220; _builder_version=&#8220;3.23&#8243; always_center_on_mobile=&#8220;on&#8220;][\/et_pb_image][\/et_pb_column][et_pb_column type=&#8220;1_3&#8243; _builder_version=&#8220;3.25&#8243; custom_padding=&#8220;|||&#8220; custom_padding__hover=&#8220;|||&#8220;][et_pb_image src=&#8220;http:\/\/boston-bull.ch\/site\/wp-content\/uploads\/2019\/10\/IMG_3885.jpg&#8220; align_tablet=&#8220;center&#8220; align_last_edited=&#8220;on|desktop&#8220; _builder_version=&#8220;3.23&#8243; always_center_on_mobile=&#8220;on&#8220;][\/et_pb_image][\/et_pb_column][\/et_pb_row][\/et_pb_section]<\/p>\n","protected":false},"excerpt":{"rendered":"<p>Aufzucht: Wir legen sehr grossen Wert auf die bestm\u00f6gliche Sozialisierung unserer Welpen. Die Kleinen leben bei und mit uns, so dass sie von Anfang an unserern Alltag erleben. Es steht ihnen ein grosser Auslauf mit abwechslungsreichem Welpenspielplatz, der nebst Spass auch die Sinne und den Bewegungsapparat f\u00f6rdert, zur Verf\u00fcgung. In unserem grossen Garten haben die [&hellip;]<\/p>\n","protected":false},"author":2,"featured_media":324,"parent":0,"menu_order":400,"comment_status":"closed","ping_status":"closed","template":"","meta":{"_et_pb_use_builder":"on","_et_pb_old_content":"<blockquote><p><strong>Wir haben im Moment keine Welpen, unseren n\u00e4chsten Wurf haben wir 2016 geplant.<\/strong><br> Bei Interesse oder Fragen kann aber sehr gerne mit uns Kontakt aufgenommen werden.<br> Bitte beachten Sie, dass wir unsere zuk\u00fcnftigen Welpeneltern sorgf\u00e4ltig aussuchen, daher ist es ratsam, fr\u00fchzeitig mit uns in Kontakt zu treten.<\/p><\/blockquote><p><strong><a href=\"http:\/\/boston-bull.ch\/site\/wp-content\/uploads\/2012\/03\/header5.jpg\"><img class=\"aligncenter size-medium wp-image-182\" title=\"header5\" src=\"http:\/\/boston-bull.ch\/site\/wp-content\/uploads\/2012\/03\/header5-300x201.jpg\" alt=\"\" width=\"300\" height=\"201\"><br> <\/a><\/strong><\/p><hr><p><strong>Aufzucht:<\/strong> Wir legen sehr grossen Wert auf die bestm\u00f6gliche Sozialisierung unserer Welpen. Die Kleinen leben bei und mit uns, so dass sie von Anfang an unserern Alltag erleben. Es steht ihnen ein grosser Auslauf mit abwechslungsreichem Welpenspielplatz, der nebst Spass auch die Sinne und den Bewegungsapparat f\u00f6rdert, zur Verf\u00fcgung. In unserem grossen Garten haben die Welpen ebenfalls einen Spiel- bzw. Entdeckungsplatz mit direktem Anschluss zu unserem Haus. Autofahren, fremde Erwachsene und Kinder kennenlernen sowie das Erkunden der Aussenwelt stehen ebenfalls auf dem Programm.<\/p><hr><p><strong>Vor der Abgabe:<\/strong> Nebst dem \u00fcblichen Chipen und impfen werden seit unserem A-Wurf\u00a0 alle Welpen im Alter von 8 Wochen nach der Puppy-Puzzle Methode von Pat Hastings evaluiert damit wir so den optimalen Platz f\u00fcr jeden einzelnen bestimmen k\u00f6nnen.<br> Ebenfalls haben wir mit dem E-Wurf angefangen auch all unsere Welpen einem H\u00f6rtest zu unterziehen, wie auf der Seite <a href=\"http:\/\/boston-bull.ch\/site\/?page_id=14\">Zucht<\/a> beschrieben, kann beim Boston Terrier Congenital Deafness (Geh\u00f6rlosigkeit) vorkommen, ist aber eher selten. Wir waren zum Gl\u00fcck noch nie betroffen, aber um dies wirklich auschliessen zu k\u00f6nnen, werden unsere Welpen vor der Abgabe durch einen zertifizierten Tierarzt getestet.<\/p><hr><p><strong>Neue Familien:<\/strong> Ebenso wie wir die Deckr\u00fcden passend zu unseren H\u00fcndinnen sorgf\u00e4ltig aussuchen, werden auch die neuen Familien der Graustein Welpen sorgf\u00e4ltig ausgesucht und wir stehen den zuk\u00fcnftigen Besitzern jederzeit mit Rat und Tat zur Seite. Unsere Hunde geh\u00f6ren zu unserer Familie uns es ist uns sehr wichtig, dass auch die Graustein Welpen in ihren neuen Familien so aufgenommen werden und ihren festen Platz haben.<\/p>","_et_gb_content_width":"","ngg_post_thumbnail":0,"footnotes":""},"_links":{"self":[{"href":"http:\/\/boston-bull.ch\/site\/index.php?rest_route=\/wp\/v2\/pages\/16"}],"collection":[{"href":"http:\/\/boston-bull.ch\/site\/index.php?rest_route=\/wp\/v2\/pages"}],"about":[{"href":"http:\/\/boston-bull.ch\/site\/index.php?rest_route=\/wp\/v2\/types\/page"}],"author":[{"embeddable":true,"href":"http:\/\/boston-bull.ch\/site\/index.php?rest_route=\/wp\/v2\/users\/2"}],"replies":[{"embeddable":true,"href":"http:\/\/boston-bull.ch\/site\/index.php?rest_route=%2Fwp%2Fv2%2Fcomments&post=16"}],"version-history":[{"count":64,"href":"http:\/\/boston-bull.ch\/site\/index.php?rest_route=\/wp\/v2\/pages\/16\/revisions"}],"predecessor-version":[{"id":3038,"href":"http:\/\/boston-bull.ch\/site\/index.php?rest_route=\/wp\/v2\/pages\/16\/revisions\/3038"}],"wp:featuredmedia":[{"embeddable":true,"href":"http:\/\/boston-bull.ch\/site\/index.php?rest_route=\/wp\/v2\/media\/324"}],"wp:attachment":[{"href":"http:\/\/boston-bull.ch\/site\/index.php?rest_route=%2Fwp%2Fv2%2Fmedia&parent=16"}],"curies":[{"name":"wp","href":"https:\/\/api.w.org\/{rel}","templated":true}]}}