{"id":2805,"date":"2018-05-22T12:38:46","date_gmt":"2018-05-22T12:38:46","guid":{"rendered":"http:\/\/boston-bull.ch\/site\/?page_id=2805"},"modified":"2018-05-22T12:39:56","modified_gmt":"2018-05-22T12:39:56","slug":"datenschutz","status":"publish","type":"page","link":"http:\/\/boston-bull.ch\/site?page_id=2805","title":{"rendered":"Datenschutz"},"content":{"rendered":"<h1 class=\"entry-title main_title\">Datenschutzerkl\u00e4rung<\/h1>\n<div class=\"entry-content\">\n<p>Die Nutzung unserer Webseite ist in der Regel ohne Angabe personenbezogener Daten m\u00f6glich. Soweit auf unseren Seiten personenbezogene Daten (beispielsweise Name, Anschrift oder eMail-Adressen) erhoben werden, erfolgt dies, soweit m\u00f6glich, stets auf freiwilliger Basis. Diese Daten werden ohne Ihre ausdr\u00fcckliche Zustimmung nicht an Dritte weitergegeben.<\/p>\n<p>Wir weisen darauf hin, dass die Daten\u00fcbertragung im Internet (z.B. bei der Kommunikation per E-Mail) Sicherheitsl\u00fccken aufweisen kann. Ein l\u00fcckenloser Schutz der Daten vor dem Zugriff durch Dritte ist nicht m\u00f6glich.<\/p>\n<p>Der Nutzung von im Rahmen der Impressumspflicht ver\u00f6ffentlichten Kontaktdaten durch Dritte zur \u00dcbersendung von nicht ausdr\u00fccklich angeforderter Werbung und Informationsmaterialien wird hiermit ausdr\u00fccklich widersprochen. Die Betreiber der Seiten behalten sich ausdr\u00fccklich rechtliche Schritte im Falle der unverlangten Zusendung von Werbeinformationen, etwa durch Spam-Mails, vor.<\/p>\n<hr>\n<div class=\"fusion-text\">\n<div class=\"\">\n<div class=\"\">\n<p><strong>Herausgeber der Website<\/strong><br class=\"\">Graustein Boston Terrier<br class=\"\">Katharina Mattioli<br \/>\nZyth\u00fcslistrasse 1<br \/>\nCH-8165 Schleinikon<br \/>\nSchweiz<br class=\"\">Telefon: +41 (0) 79 297 92 69<br \/>\nE-Mail: info@boston-bull.ch<\/p>\n<\/div>\n<\/div>\n<\/div>\n<div class=\"fusion-text\">\n<div class=\"\">\n<div class=\"\">\n<p><strong><br \/>\nRechtlicher Hinweis<\/strong><br class=\"\"><br class=\"\">Graustein Boston Terrier&nbsp;\u00fcbernimmt keine Haftung f\u00fcr Richtigkeit und Vollst\u00e4ndigkeit der Informationen auf dieser Website; Inhalte k\u00f6nnen jederzeit ohne Begr\u00fcndung oder Vorank\u00fcndigung gel\u00f6scht oder ge\u00e4ndert werden. Inhalt und Struktur dieser Website sind urheberrechtlich gesch\u00fctzt; alle Rechte sind vorbehalten. Graustein Boston Terrier \u00fcbernimmt keine Haftung f\u00fcr direkte oder indirekte Sch\u00e4den, die durch Zugriff auf diese Website sowie ihre Inhalte verursacht werden. Dies gilt auch f\u00fcr alle Links auf dieser Website.<br class=\"\"><br class=\"\"><strong>Haftungsausschluss<\/strong><br class=\"\"><br class=\"\">Die Inhalte dieser Webseite wurden mit gr\u00f6sster Sorgfalt erstellt. Graustein Boston Terrier \u00fcbernimmt jedoch keine Gew\u00e4hr f\u00fcr die Aktualit\u00e4t, Richtigkeit, Vollst\u00e4ndigkeit oder Verwendbarkeit der bereitgestellten Informationen. Graustein Boston Terrier schliesst die Haftung f\u00fcr Sch\u00e4den oder Folgesch\u00e4den, die aus dem Zugriff auf diese Website oder auf einzelne Teile davon oder deren Benutzung (bzw. aus der Unm\u00f6glichkeit des Zugriffs oder der Benutzung) entstehen, vollst\u00e4ndig aus. Diese Webseite kann Links zu Websites Dritter enthalten, welche nicht durch Graustein Boston Terrier betrieben oder kontrolliert werden. Das Aktivieren eines Links erfolgt auf eigene Verantwortung. Graustein Boston Terrier \u00fcbernimmt f\u00fcr diese fremden Inhalte keine Gew\u00e4hr.<br class=\"\"><br class=\"\"><strong>Datenschutzerkl\u00e4rung<\/strong><br class=\"\"><br class=\"\">Verantwortliche Stelle im Sinne der Datenschutzgesetze ist:<br class=\"\"><br class=\"\">Graustein Boston Terrier<\/p>\n<\/div>\n<\/div>\n<\/div>\n<div class=\"fusion-text\">\n<div class=\"\">\n<div class=\"\">\n<p><strong>Erfassung allgemeiner Informationen<\/strong><br class=\"\"><br class=\"\">Wenn Sie auf unsere Webseite zugreifen, werden automatisch Informationen allgemeiner Natur erfasst. Diese Informationen (Server-Logfiles) beinhalten etwa die Art des Webbrowsers, das verwendete Betriebssystem, den Domainnamen Ihres Internet Service Providers und \u00c4hnliches. Hierbei handelt es sich ausschlie\u00dflich um Informationen, welche keine R\u00fcckschl\u00fcsse auf Ihre Person zulassen. Diese Informationen sind technisch notwendig, um von Ihnen angeforderte Inhalte von Webseiten korrekt auszuliefern und fallen bei Nutzung des Internets zwingend an. Anonyme Informationen dieser Art werden von uns statistisch ausgewertet, um unseren Internetauftritt und die dahinterstehende Technik zu optimieren.<br class=\"\"><br class=\"\"><strong>Cookies<\/strong><br class=\"\"><br class=\"\">Wie viele andere Webseiten verwenden wir auch so genannte \u201eCookies\u201c. Cookies sind kleine Textdateien, die von einem Webseitenserver auf Ihre Festplatte \u00fcbertragen werden. Hierdurch erhalten wir automatisch bestimmte Daten wie z. B. IP-Adresse, verwendeter Browser, Betriebssystem \u00fcber Ihren Computer und Ihre Verbindung zum Internet.<br class=\"\"><br class=\"\">Cookies k\u00f6nnen nicht verwendet werden, um Programme zu starten oder Viren auf einen Computer zu \u00fcbertragen. Anhand der in Cookies enthaltenen Informationen k\u00f6nnen wir Ihnen die Navigation erleichtern und die korrekte Anzeige unserer Webseiten erm\u00f6glichen.<br class=\"\"><br class=\"\">In keinem Fall werden die von uns erfassten Daten an Dritte weitergegeben oder ohne Ihre Einwilligung eine Verkn\u00fcpfung mit personenbezogenen Daten hergestellt.<br class=\"\"><br class=\"\">Nat\u00fcrlich k\u00f6nnen Sie unsere Website grunds\u00e4tzlich auch ohne Cookies betrachten. Internet-Browser sind regelm\u00e4\u00dfig so eingestellt, dass sie Cookies akzeptieren. Sie k\u00f6nnen die Verwendung von Cookies jederzeit \u00fcber die Einstellungen Ihres Browsers deaktivieren. Bitte verwenden Sie die Hilfefunktionen Ihres Internetbrowsers, um zu erfahren, wie Sie diese Einstellungen \u00e4ndern k\u00f6nnen. Bitte beachten Sie, dass einzelne Funktionen unserer Website m\u00f6glicherweise nicht funktionieren, wenn Sie die Verwendung von Cookies deaktiviert haben.<br class=\"\"><br class=\"\"><strong>SSL-Verschl\u00fcsselung<\/strong><br class=\"\"><br class=\"\">Um die Sicherheit Ihrer Daten bei der \u00dcbertragung zu sch\u00fctzen, verwenden wir dem aktuellen Stand der Technik entsprechende Verschl\u00fcsselungsverfahren (z. B. SSL) \u00fcber HTTPS.<br class=\"\"><br class=\"\"><br class=\"\"><strong>Verwendung von Scriptbibliotheken (Google Webfonts)<\/strong><br class=\"\"><br class=\"\">Um unsere Inhalte browser\u00fcbergreifend korrekt und grafisch ansprechend darzustellen, verwenden wir auf dieser Website Scriptbibliotheken und Schriftbibliotheken wie z. B. Google Webfonts (<a class=\"\" href=\"https:\/\/www.google.com\/webfonts\/\">https:\/\/www.google.com\/webfonts\/<\/a>). Google Webfonts werden zur Vermeidung mehrfachen Ladens in den Cache Ihres Browsers \u00fcbertragen. Falls der Browser die Google Webfonts nicht unterst\u00fctzt oder den Zugriff unterbindet, werden Inhalte in einer Standardschrift angezeigt.<br class=\"\"><br class=\"\">Der Aufruf von Scriptbibliotheken oder Schriftbibliotheken l\u00f6st automatisch eine Verbindung zum Betreiber der Bibliothek aus. Dabei ist es theoretisch m\u00f6glich \u2013 aktuell allerdings auch unklar ob und ggf. zu welchen Zwecken \u2013 dass Betreiber entsprechender Bibliotheken Daten erheben.<br class=\"\"><br class=\"\">Die Datenschutzrichtlinie des Bibliothekbetreibers Google finden Sie hier: <a class=\"\" href=\"https:\/\/www.google.com\/policies\/privacy\/\">https:\/\/www.google.com\/policies\/privacy\/<\/a><br class=\"\"><br class=\"\"><strong>Verwendung von Google Maps<\/strong><br class=\"\"><br class=\"\">Diese Webseite verwendet Google Maps API, um geographische Informationen visuell darzustellen. Bei der Nutzung von Google Maps werden von Google auch Daten \u00fcber die Nutzung der Kartenfunktionen durch Besucher erhoben, verarbeitet und genutzt. N\u00e4here Informationen \u00fcber die Datenverarbeitung durch Google k\u00f6nnen Sie den Google-Datenschutzhinweisen entnehmen. Dort k\u00f6nnen Sie im Datenschutzcenter auch Ihre pers\u00f6nlichen Datenschutz-Einstellungen ver\u00e4ndern.<br class=\"\"><br class=\"\">Ausf\u00fchrliche Anleitungen zur Verwaltung der eigenen Daten im Zusammenhang mit Google-Produkten finden Sie hier.<\/p>\n<\/div>\n<\/div>\n<\/div>\n<div class=\"fusion-text\">\n<p><strong>Ihre Rechte auf Auskunft, Berichtigung, Sperre, L\u00f6schung und Widerspruch<\/strong><br class=\"\"><br class=\"\">Sie haben das Recht, jederzeit Auskunft \u00fcber Ihre bei uns gespeicherten personenbezogenen Daten zu erhalten. Ebenso haben Sie das Recht auf Berichtigung, Sperrung oder, abgesehen von der vorgeschriebenen Datenspeicherung zur Gesch\u00e4ftsabwicklung, L\u00f6schung Ihrer personenbezogenen Daten. Bitte wenden Sie sich dazu an unseren Datenschutzbeauftragten. Die Kontaktdaten finden Sie ganz unten.<br class=\"\"><br class=\"\">Damit eine Sperre von Daten jederzeit ber\u00fccksichtigt werden kann, m\u00fcssen diese Daten zu Kontrollzwecken in einer Sperrdatei vorgehalten werden. Sie k\u00f6nnen auch die L\u00f6schung der Daten verlangen, soweit keine gesetzliche Archivierungsverpflichtung besteht. Soweit eine solche Verpflichtung besteht, sperren wir Ihre Daten auf Wunsch.<br class=\"\"><br class=\"\">Sie k\u00f6nnen \u00c4nderungen oder den Widerruf einer Einwilligung durch entsprechende Mitteilung an uns mit Wirkung f\u00fcr die Zukunft vornehmen.<br class=\"\"><br class=\"\"><strong>\u00c4nderung unserer Datenschutzbestimmungen<\/strong><br class=\"\"><br class=\"\">Wir behalten uns vor, diese Datenschutzerkl\u00e4rung gelegentlich anzupassen, damit sie stets den aktuellen rechtlichen Anforderungen entspricht oder um \u00c4nderungen unserer Leistungen in der Datenschutzerkl\u00e4rung umzusetzen, z. B. bei der Einf\u00fchrung neuer Services. F\u00fcr Ihren erneuten Besuch gilt dann die neue Datenschutzerkl\u00e4rung.<br class=\"\"><br class=\"\"><strong>Fragen an den Datenschutzbeauftragten<\/strong><br class=\"\"><br class=\"\">Wenn Sie Fragen zum Datenschutz haben, schreiben Sie uns bitte eine <a href=\"mailto:info@boston-bull.ch\">E-Mail<\/a>.<\/p>\n<\/div>\n<\/div>\n","protected":false},"excerpt":{"rendered":"<p>Datenschutzerkl\u00e4rung Die Nutzung unserer Webseite ist in der Regel ohne Angabe personenbezogener Daten m\u00f6glich. Soweit auf unseren Seiten personenbezogene Daten (beispielsweise Name, Anschrift oder eMail-Adressen) erhoben werden, erfolgt dies, soweit m\u00f6glich, stets auf freiwilliger Basis. Diese Daten werden ohne Ihre ausdr\u00fcckliche Zustimmung nicht an Dritte weitergegeben. Wir weisen darauf hin, dass die Daten\u00fcbertragung im Internet [&hellip;]<\/p>\n","protected":false},"author":2,"featured_media":0,"parent":0,"menu_order":0,"comment_status":"closed","ping_status":"closed","template":"","meta":{"_et_pb_use_builder":"","_et_pb_old_content":"","_et_gb_content_width":"","ngg_post_thumbnail":0,"footnotes":""},"_links":{"self":[{"href":"http:\/\/boston-bull.ch\/site\/index.php?rest_route=\/wp\/v2\/pages\/2805"}],"collection":[{"href":"http:\/\/boston-bull.ch\/site\/index.php?rest_route=\/wp\/v2\/pages"}],"about":[{"href":"http:\/\/boston-bull.ch\/site\/index.php?rest_route=\/wp\/v2\/types\/page"}],"author":[{"embeddable":true,"href":"http:\/\/boston-bull.ch\/site\/index.php?rest_route=\/wp\/v2\/users\/2"}],"replies":[{"embeddable":true,"href":"http:\/\/boston-bull.ch\/site\/index.php?rest_route=%2Fwp%2Fv2%2Fcomments&post=2805"}],"version-history":[{"count":4,"href":"http:\/\/boston-bull.ch\/site\/index.php?rest_route=\/wp\/v2\/pages\/2805\/revisions"}],"predecessor-version":[{"id":2809,"href":"http:\/\/boston-bull.ch\/site\/index.php?rest_route=\/wp\/v2\/pages\/2805\/revisions\/2809"}],"wp:attachment":[{"href":"http:\/\/boston-bull.ch\/site\/index.php?rest_route=%2Fwp%2Fv2%2Fmedia&parent=2805"}],"curies":[{"name":"wp","href":"https:\/\/api.w.org\/{rel}","templated":true}]}}