{"id":72,"date":"2012-03-05T12:37:43","date_gmt":"2012-03-05T12:37:43","guid":{"rendered":"http:\/\/boston-bull.ch\/site\/?page_id=72"},"modified":"2023-12-15T17:59:38","modified_gmt":"2023-12-15T17:59:38","slug":"der-boston-terrier","status":"publish","type":"page","link":"http:\/\/boston-bull.ch\/site?page_id=72","title":{"rendered":"Der Boston Terrier"},"content":{"rendered":"<p>[et_pb_section fb_built=&#8220;1&#8243; admin_label=&#8220;section&#8220; _builder_version=&#8220;4.16&#8243; global_colors_info=&#8220;{}&#8220;][et_pb_row column_structure=&#8220;1_4,1_4,1_4,1_4&#8243; _builder_version=&#8220;4.16&#8243; background_size=&#8220;initial&#8220; background_position=&#8220;top_left&#8220; background_repeat=&#8220;repeat&#8220; global_colors_info=&#8220;{}&#8220;][et_pb_column type=&#8220;1_4&#8243; _builder_version=&#8220;4.16&#8243; custom_padding=&#8220;|||&#8220; global_colors_info=&#8220;{}&#8220; custom_padding__hover=&#8220;|||&#8220;][et_pb_blurb title=&#8220;FCI Standard&#8220; url=&#8220;http:\/\/www.fci.be\/Nomenclature\/Standards\/140g09-de.pdf&#8220; url_new_window=&#8220;on&#8220; use_icon=&#8220;on&#8220; font_icon=&#8220;&#x68;||divi||400&#8243; icon_color=&#8220;#ffffff&#8220; image_icon_background_color=&#8220;#e2140d&#8220; image_icon_width=&#8220;48px&#8220; _builder_version=&#8220;4.16&#8243; background_size=&#8220;initial&#8220; background_position=&#8220;top_left&#8220; background_repeat=&#8220;repeat&#8220; image_icon_custom_padding=&#8220;25px|25px|25px|25px|false|false&#8220; text_orientation=&#8220;center&#8220; border_radii_image=&#8220;on|100%|100%|100%|100%&#8220; use_border_color=&#8220;off&#8220; border_color=&#8220;#ffffff&#8220; border_style=&#8220;solid&#8220; use_circle=&#8220;on&#8220; global_colors_info=&#8220;{}&#8220; image_icon_background_color__sticky_enabled=&#8220;#e2140d&#8220; image_icon_background_color__sticky=&#8220;#e2140d&#8220;]<\/p>\n<p style=\"text-align: center;\">Der FCI Rassestandard in Deutsch.<\/p>\n<p>[\/et_pb_blurb][\/et_pb_column][et_pb_column type=&#8220;1_4&#8243; _builder_version=&#8220;4.16&#8243; custom_padding=&#8220;|||&#8220; global_colors_info=&#8220;{}&#8220; custom_padding__hover=&#8220;|||&#8220;][et_pb_blurb title=&#8220;Illustrated Standard&#8220; url=&#8220;http:\/\/boston-bull.ch\/site\/wp-content\/uploads\/2017\/01\/BTCA-ILLUSTRATED-STANDARD.pdf&#8220; url_new_window=&#8220;on&#8220; use_icon=&#8220;on&#8220; font_icon=&#8220;&#xe006;||divi||400&#8243; icon_color=&#8220;#ffffff&#8220; image_icon_background_color=&#8220;#e2140d&#8220; image_icon_width=&#8220;48px&#8220; _builder_version=&#8220;4.16&#8243; background_size=&#8220;initial&#8220; background_position=&#8220;top_left&#8220; background_repeat=&#8220;repeat&#8220; image_icon_custom_padding=&#8220;25px|25px|25px|25px|false|false&#8220; text_orientation=&#8220;center&#8220; border_radii_image=&#8220;on|100%|100%|100%|100%&#8220; use_border_color=&#8220;off&#8220; border_color=&#8220;#ffffff&#8220; border_style=&#8220;solid&#8220; use_circle=&#8220;on&#8220; global_colors_info=&#8220;{}&#8220; image_icon_background_color__sticky_enabled=&#8220;#e2140d&#8220; image_icon_background_color__sticky=&#8220;#e2140d&#8220;]<\/p>\n<p style=\"text-align: center;\">So soll er aussehen der Boston Terrier!<br \/>\n<em>in Englisch<\/em><\/p>\n<p>[\/et_pb_blurb][\/et_pb_column][et_pb_column type=&#8220;1_4&#8243; _builder_version=&#8220;4.16&#8243; custom_padding=&#8220;|||&#8220; global_colors_info=&#8220;{}&#8220; custom_padding__hover=&#8220;|||&#8220;][et_pb_blurb title=&#8220;Breed Type&#8220; url=&#8220;https:\/\/janedogs.com\/breed-type\/&#8220; use_icon=&#8220;on&#8220; font_icon=&#8220;&#x68;||divi||400&#8243; icon_color=&#8220;#ffffff&#8220; image_icon_background_color=&#8220;#e2140d&#8220; image_icon_width=&#8220;48px&#8220; _builder_version=&#8220;4.16&#8243; background_size=&#8220;initial&#8220; background_position=&#8220;top_left&#8220; background_repeat=&#8220;repeat&#8220; image_icon_custom_padding=&#8220;25px|25px|25px|25px|false|false&#8220; text_orientation=&#8220;center&#8220; border_radii_image=&#8220;on|100%|100%|100%|100%&#8220; use_border_color=&#8220;off&#8220; border_color=&#8220;#ffffff&#8220; border_style=&#8220;solid&#8220; use_circle=&#8220;on&#8220; global_colors_info=&#8220;{}&#8220; image_icon_background_color__sticky_enabled=&#8220;#e2140d&#8220; image_icon_background_color__sticky=&#8220;#e2140d&#8220;]<\/p>\n<p style=\"text-align: center;\">Interessanter Artikel zum Thema Rassetyp<br \/>\n<em>in Englisch<\/em><\/p>\n<p>[\/et_pb_blurb][\/et_pb_column][et_pb_column type=&#8220;1_4&#8243; _builder_version=&#8220;4.16&#8243; custom_padding=&#8220;|||&#8220; global_colors_info=&#8220;{}&#8220; custom_padding__hover=&#8220;|||&#8220;][et_pb_blurb title=&#8220;Size vs Breed Type&#8220; url=&#8220;https:\/\/janedogs.com\/size-versus-breed-type\/&#8220; use_icon=&#8220;on&#8220; font_icon=&#8220;&#x68;||divi||400&#8243; icon_color=&#8220;#ffffff&#8220; image_icon_background_color=&#8220;#e2140d&#8220; image_icon_width=&#8220;48px&#8220; _builder_version=&#8220;4.16&#8243; background_size=&#8220;initial&#8220; background_position=&#8220;top_left&#8220; background_repeat=&#8220;repeat&#8220; image_icon_custom_padding=&#8220;25px|25px|25px|25px|false|false&#8220; text_orientation=&#8220;center&#8220; border_radii_image=&#8220;on|100%|100%|100%|100%&#8220; use_border_color=&#8220;off&#8220; border_color=&#8220;#ffffff&#8220; border_style=&#8220;solid&#8220; use_circle=&#8220;on&#8220; global_colors_info=&#8220;{}&#8220; image_icon_background_color__sticky_enabled=&#8220;#e2140d&#8220; image_icon_background_color__sticky=&#8220;#e2140d&#8220;]<\/p>\n<p style=\"text-align: center;\">Interessanter Artike zum Thema Gr\u00f6sse vs Rassetyp<br \/>\n<em>in Englisch<\/em><\/p>\n<p>[\/et_pb_blurb][\/et_pb_column][\/et_pb_row][\/et_pb_section][et_pb_section fb_built=&#8220;1&#8243; _builder_version=&#8220;4.16&#8243; background_color=&#8220;#e2140d&#8220; transparent_background=&#8220;off&#8220; make_fullwidth=&#8220;off&#8220; use_custom_width=&#8220;off&#8220; width_unit=&#8220;on&#8220; global_colors_info=&#8220;{}&#8220;][et_pb_row _builder_version=&#8220;4.16&#8243; background_size=&#8220;initial&#8220; background_position=&#8220;top_left&#8220; background_repeat=&#8220;repeat&#8220; global_colors_info=&#8220;{}&#8220;][et_pb_column type=&#8220;4_4&#8243; _builder_version=&#8220;4.16&#8243; custom_padding=&#8220;|||&#8220; global_colors_info=&#8220;{}&#8220; custom_padding__hover=&#8220;|||&#8220;][et_pb_text _builder_version=&#8220;4.16&#8243; background_size=&#8220;initial&#8220; background_position=&#8220;top_left&#8220; background_repeat=&#8220;repeat&#8220; background_layout=&#8220;dark&#8220; use_border_color=&#8220;off&#8220; border_color=&#8220;#ffffff&#8220; border_style=&#8220;solid&#8220; global_colors_info=&#8220;{}&#8220;]<\/p>\n<h2 style=\"text-align: center;\">\u00ab F\u00fcr eine Rasse ist es fatal, wenn Z\u00fcchter anfangen ihre eigenen Standards zu definieren! \u00bb<\/h2>\n<p>[\/et_pb_text][et_pb_text _builder_version=&#8220;4.16&#8243; background_size=&#8220;initial&#8220; background_position=&#8220;top_left&#8220; background_repeat=&#8220;repeat&#8220; background_layout=&#8220;dark&#8220; use_border_color=&#8220;off&#8220; border_color=&#8220;#ffffff&#8220; border_style=&#8220;solid&#8220; global_colors_info=&#8220;{}&#8220;]<\/p>\n<h3 style=\"text-align: center;\">Sie interessieren sich f\u00fcr einen Boston Terrier? Auch wenn der Boston Terrier ein sehr lebhafter, aktiver und durchaus sportlicher Hund ist, m\u00fcssen Sie sich bewusst sein, dass Sie sich f\u00fcr einen Gesellschafts- und Begleithund interessieren und nicht f\u00fcr einen Arbeits- oder Sporthund.<\/h3>\n<p>[\/et_pb_text][\/et_pb_column][\/et_pb_row][\/et_pb_section][et_pb_section fb_built=&#8220;1&#8243; _builder_version=&#8220;4.16&#8243; global_colors_info=&#8220;{}&#8220;][et_pb_row _builder_version=&#8220;4.16&#8243; background_size=&#8220;initial&#8220; background_position=&#8220;top_left&#8220; background_repeat=&#8220;repeat&#8220; global_colors_info=&#8220;{}&#8220;][et_pb_column type=&#8220;4_4&#8243; _builder_version=&#8220;4.16&#8243; custom_padding=&#8220;|||&#8220; global_colors_info=&#8220;{}&#8220; custom_padding__hover=&#8220;|||&#8220;][et_pb_text _builder_version=&#8220;4.16&#8243; background_size=&#8220;initial&#8220; background_position=&#8220;top_left&#8220; background_repeat=&#8220;repeat&#8220; use_border_color=&#8220;off&#8220; border_color=&#8220;#ffffff&#8220; border_style=&#8220;solid&#8220; global_colors_info=&#8220;{}&#8220;]<\/p>\n<div>\n<p>Der Boston-Terrier geh\u00f6rt gem\u00e4ss FCI Standard Nr. 140 zu den doggenartigen Hunden. Die Stadt Boston in Massachusetts\/USA ist wohl seine Heimatstadt. In dieser Stadt wurden die Boston Terrier als eine der wenigen authentischen Rassen der USA um 1870 aus Englischen Bulldoggen und Englischen Weissen Terriern (leider ausgestorben) gez\u00fcchtet. Sie wurden bei Hundesportlichen Veranstalltungen in dieser Zeit eingesetzt. Im American Kennel Club (AKC) wurde diese Rasse dann 1891 als \u201cBoston-Bull\u201d anerkannt und zwei Jahre sp\u00e4ter aufgrund von Einsprachen des Englischen Bulldog Clubs als Boston Terrier definitiv benannt.<\/p>\n<p>Der Charakter und das Aussehen beim Boston Terrier passt perfekt zusammen: Er bildet mit seinem\u00a0K\u00f6rperbau eine harmonische Symbiose zu seinem ausgeglichenen Charakter.\u00a0 Durch seine\u00a0Vorfahren hat er Lebhaftigkeit, Charme, Intelligenz und Mut vererbt bekommen.\u00a0Dadurch kann er sich \u00fcberall sehr gut anpassen.\u00a0Wer den Boston Terrier mit liebevoller Konsequenz behandelt, hat einen Hund an seiner Seite, der sich leicht erziehen l\u00e4sst. Der Boston Terrier lernt gerne und kann vielseitig im Hundesport gef\u00f6rdert werden.\u00a0Der Boston Terrier ist wachsam ohne jedoch ein Kl\u00e4ffer zu sein.\u00a0Ein selbstbewusster Hund, der seinen Halter und seine Familie sehr liebt und auch freundlich zu G\u00e4sten ist, ob Gross oder Klein.\u00a0Er kann Sie als ausdauernder Begleithund bei grossen Wanderungen begleiten, ohne jedoch zu jagen. Mit kurzen Spazierg\u00e4ngen im Schlenderschritt durch die Stadt\u00a0ist er jedoch auch zufrieden.\u00a0 Bei Begegnungen\u00a0mit anderen Hunden ist der Boston Terrier\u00a0zug\u00e4nglich, fr\u00f6hlich und verspielt, doch auch bei Bedarf bereit, sich mit Agilit\u00e4t, Mut und\u00a0Kraft zu verteidigen.<\/p>\n<p>Der Standard wurde 1990 unwesentlich ver\u00e4ndert und ist heute weltweit einheitlich festgelegt.\u00a0Es gibt im Rassestandard drei Gr\u00f6ssenklassen:<\/p>\n<p>leicht: unter\u00a06.8 kg<br \/>mittel: 6.8-9 kg<br \/>schwer: 9-11.3 kg<\/p>\n<p>Dadurch kann der Boston Terrier nicht einfach den Kleinhunden zugeordnet werden. Er ist ein richtiger Hund, und weder ein Dekorationsobjekt noch ein Spielzeug. Er ist geboren, um ein selbstbewusster, fr\u00f6hlicher und intelligenter Kamerad seines Halters zu sein.<\/p>\n<p>(Quelle: <a href=\"http:\/\/www.bostonterrier.ch\/\" target=\"_blank\" rel=\"noopener\">BTFS \u2013 Boston Terrier Freunde Schweiz<\/a> )<\/p>\n<\/div>\n<p>[\/et_pb_text][et_pb_image src=&#8220;http:\/\/boston-bull.ch\/site\/wp-content\/uploads\/2012\/03\/Bildschirmfoto-2017-01-27-um-20.31.21.png&#8220; align_tablet=&#8220;center&#8220; align_phone=&#8220;&#8220; align_last_edited=&#8220;on|desktop&#8220; _builder_version=&#8220;4.16&#8243; animation_style=&#8220;slide&#8220; animation_direction=&#8220;left&#8220; animation_duration=&#8220;500ms&#8220; animation_intensity_slide=&#8220;10%&#8220; use_border_color=&#8220;off&#8220; border_color=&#8220;#ffffff&#8220; border_style=&#8220;solid&#8220; animation=&#8220;left&#8220; sticky=&#8220;off&#8220; always_center_on_mobile=&#8220;on&#8220; global_colors_info=&#8220;{}&#8220;]&nbsp;<br \/>\n[\/et_pb_image][\/et_pb_column][\/et_pb_row][\/et_pb_section][et_pb_section fb_built=&#8220;1&#8243; _builder_version=&#8220;4.16&#8243; background_color=&#8220;#8c8c8c&#8220; global_colors_info=&#8220;{}&#8220;][et_pb_row column_structure=&#8220;2_3,1_3&#8243; _builder_version=&#8220;4.16&#8243; background_size=&#8220;initial&#8220; background_position=&#8220;top_left&#8220; background_repeat=&#8220;repeat&#8220; global_colors_info=&#8220;{}&#8220;][et_pb_column type=&#8220;2_3&#8243; _builder_version=&#8220;4.16&#8243; custom_padding=&#8220;|||&#8220; global_colors_info=&#8220;{}&#8220; custom_padding__hover=&#8220;|||&#8220;][et_pb_image src=&#8220;http:\/\/boston-bull.ch\/site\/wp-content\/uploads\/2019\/10\/PHY_4973.jpg&#8220; align_tablet=&#8220;center&#8220; align_phone=&#8220;&#8220; align_last_edited=&#8220;on|desktop&#8220; _builder_version=&#8220;4.16&#8243; always_center_on_mobile=&#8220;on&#8220; global_colors_info=&#8220;{}&#8220;][\/et_pb_image][\/et_pb_column][et_pb_column type=&#8220;1_3&#8243; _builder_version=&#8220;4.16&#8243; custom_padding=&#8220;|||&#8220; global_colors_info=&#8220;{}&#8220; custom_padding__hover=&#8220;|||&#8220;][et_pb_image src=&#8220;http:\/\/boston-bull.ch\/site\/wp-content\/uploads\/2019\/10\/IMG_9157.jpg&#8220; align_tablet=&#8220;center&#8220; align_phone=&#8220;&#8220; align_last_edited=&#8220;on|desktop&#8220; _builder_version=&#8220;4.16&#8243; always_center_on_mobile=&#8220;on&#8220; global_colors_info=&#8220;{}&#8220;][\/et_pb_image][et_pb_image src=&#8220;http:\/\/boston-bull.ch\/site\/wp-content\/uploads\/2023\/12\/IMG_4918.png&#8220; title_text=&#8220;IMG_4918&#8243; align_tablet=&#8220;center&#8220; align_phone=&#8220;&#8220; align_last_edited=&#8220;on|desktop&#8220; _builder_version=&#8220;4.23.1&#8243; always_center_on_mobile=&#8220;on&#8220; global_colors_info=&#8220;{}&#8220;][\/et_pb_image][\/et_pb_column][\/et_pb_row][\/et_pb_section]<\/p>\n","protected":false},"excerpt":{"rendered":"<p>Der FCI Rassestandard in Deutsch. So soll er aussehen der Boston Terrier! in Englisch Interessanter Artikel zum Thema Rassetyp in Englisch Interessanter Artike zum Thema Gr\u00f6sse vs Rassetyp in Englisch \u00ab F\u00fcr eine Rasse ist es fatal, wenn Z\u00fcchter anfangen ihre eigenen Standards zu definieren! \u00bb Sie interessieren sich f\u00fcr einen Boston Terrier? Auch wenn [&hellip;]<\/p>\n","protected":false},"author":2,"featured_media":0,"parent":14,"menu_order":0,"comment_status":"closed","ping_status":"closed","template":"","meta":{"_et_pb_use_builder":"on","_et_pb_old_content":"<div><div><p>Der Boston-Terrier geh\u00f6rt gem\u00e4ss FCI Standard Nr. 140 zu den doggenartigen Hunden. Die Stadt Boston in Massachusetts\/USA ist wohl seine Heimatstadt. In dieser Stadt wurden die Boston Terrier als eine der wenigen authentischen Rassen der USA um 1870 aus Englischen Bulldoggen und Englischen Weissen Terriern (leider ausgestorben) gez\u00fcchtet. Sie wurden bei Hundesportlichen Veranstalltungen in dieser Zeit eingesetzt. Im American Kennel Club (AKC) wurde diese Rasse dann 1891 als \u201cBoston-Bull\u201d anerkannt und zwei Jahre sp\u00e4ter aufgrund von Einsprachen des Englischen Bulldog Clubs als Boston Terrier definitiv benannt.<\/p><p>Der Charakter und das Aussehen beim Boston Terrier passt perfekt zusammen: Er bildet mit seinem\u00a0K\u00f6rperbau eine harmonische Symbiose zu seinem ausgeglichenen Charakter.\u00a0 Durch seine\u00a0Vorfahren hat er Lebhaftigkeit, Charme, Intelligenz und Mut vererbt bekommen.\u00a0Dadurch kann er sich \u00fcberall sehr gut anpassen.\u00a0Wer den Boston Terrier mit liebevoller Konsequenz behandelt, hat einen Hund an seiner Seite, der sich leicht erziehen l\u00e4sst. Der Boston Terrier lernt gerne und kann vielseitig im Hundesport gef\u00f6rdert werden.\u00a0Der Boston Terrier ist wachsam ohne jedoch ein Kl\u00e4ffer zu sein.\u00a0Ein selbstbewusster Hund, der seinen Halter und seine Familie sehr liebt und auch freundlich zu G\u00e4sten ist, ob Gross oder Klein.\u00a0Er kann Sie als ausdauernder Begleithund bei grossen Wanderungen begleiten, ohne jedoch zu jagen. Mit kurzen Spazierg\u00e4ngen im Schlenderschritt durch die Stadt\u00a0ist er jedoch auch zufrieden.\u00a0 Bei Begegnungen\u00a0mit anderen Hunden ist der Boston Terrier\u00a0zug\u00e4nglich, fr\u00f6hlich und verspielt, doch auch bei Bedarf bereit, sich mit Agilit\u00e4t, Mut und\u00a0Kraft zu verteidigen.<\/p><p>Der Standard wurde 1990 unwesentlich ver\u00e4ndert und ist heute weltweit einheitlich festgelegt.\u00a0Es gibt im Rassestandard drei Gr\u00f6ssenklassen:<\/p><p>leicht: unter\u00a06.8 kg<br> mittel: 6.8-9 kg<br> schwer: 9-11.3 kg<\/p><p>Dadurch kann der Boston Terrier nicht einfach den Kleinhunden zugeordnet werden. Er ist ein richtiger Hund, und weder ein Dekorationsobjekt noch ein Spielzeug. Er ist geboren, um ein selbstbewusster, fr\u00f6hlicher und intelligenter Kamerad seines Halters zu sein.<\/p><p>(Quelle: <a href=\"http:\/\/www.bostonterrier.ch\/\" target=\"_blank\">BTFS \u2013 Boston Terrier Freunde Schweiz<\/a> )<\/p><\/div><\/div>","_et_gb_content_width":"","ngg_post_thumbnail":0,"footnotes":""},"_links":{"self":[{"href":"http:\/\/boston-bull.ch\/site\/index.php?rest_route=\/wp\/v2\/pages\/72"}],"collection":[{"href":"http:\/\/boston-bull.ch\/site\/index.php?rest_route=\/wp\/v2\/pages"}],"about":[{"href":"http:\/\/boston-bull.ch\/site\/index.php?rest_route=\/wp\/v2\/types\/page"}],"author":[{"embeddable":true,"href":"http:\/\/boston-bull.ch\/site\/index.php?rest_route=\/wp\/v2\/users\/2"}],"replies":[{"embeddable":true,"href":"http:\/\/boston-bull.ch\/site\/index.php?rest_route=%2Fwp%2Fv2%2Fcomments&post=72"}],"version-history":[{"count":30,"href":"http:\/\/boston-bull.ch\/site\/index.php?rest_route=\/wp\/v2\/pages\/72\/revisions"}],"predecessor-version":[{"id":3371,"href":"http:\/\/boston-bull.ch\/site\/index.php?rest_route=\/wp\/v2\/pages\/72\/revisions\/3371"}],"up":[{"embeddable":true,"href":"http:\/\/boston-bull.ch\/site\/index.php?rest_route=\/wp\/v2\/pages\/14"}],"wp:attachment":[{"href":"http:\/\/boston-bull.ch\/site\/index.php?rest_route=%2Fwp%2Fv2%2Fmedia&parent=72"}],"curies":[{"name":"wp","href":"https:\/\/api.w.org\/{rel}","templated":true}]}}