{"id":87,"date":"2012-03-05T12:42:48","date_gmt":"2012-03-05T12:42:48","guid":{"rendered":"http:\/\/boston-bull.ch\/site\/?page_id=87"},"modified":"2017-01-27T20:47:47","modified_gmt":"2017-01-27T20:47:47","slug":"elliot-2012","status":"publish","type":"page","link":"http:\/\/boston-bull.ch\/site?page_id=87","title":{"rendered":"MCh. Andridz Dandy&#8217;s Elite"},"content":{"rendered":"<table border=\"1\" width=\"950\" cellspacing=\"5\" cellpadding=\"5\">\n<tbody>\n<tr>\n<td width=\"100\"><strong>Datum<\/strong><\/td>\n<td width=\"150\"><strong>Ausstellung<\/strong><\/td>\n<td width=\"200\"><strong>Richter<\/strong><\/td>\n<td width=\"150\"><strong>Klasse<\/strong><\/td>\n<td width=\"350\"><strong>Bewertung<\/strong><\/td>\n<\/tr>\n<tr>\n<td>22.08.2015<\/td>\n<td>CAC Eiken (CH)<\/td>\n<td>C. Muldoon (IRL)<\/td>\n<td>Champion Klasse<\/td>\n<td>Ex1, CAC, <strong>BOS<\/strong><\/td>\n<\/tr>\n<tr>\n<td>11.07.2015<\/td>\n<td>CAC Szombathely (HU)<\/td>\n<td>A. Korozs (HU)<\/td>\n<td>Champion Class<\/td>\n<td>V1, CAC, CACIB, <strong>BOB, shortlisted Gruppe 9 (top 5)<br \/>\n<\/strong><\/td>\n<\/tr>\n<tr>\n<td>11.07.2015<\/td>\n<td>CACIB Szombathely (HU)<\/td>\n<td>A.R.R. Doedijns (NL)<\/td>\n<td>Champion Class<\/td>\n<td>V1, CAC, <strong>BOB, BIG3<br \/>\nHU-Champion<br \/>\n<\/strong><\/td>\n<\/tr>\n<tr>\n<td colspan=\"5\"><\/td>\n<\/tr>\n<tr>\n<td>06.12.2014<\/td>\n<td>Internazionale di Verona (IT)<\/td>\n<td>C. Muldoon (IRL)<\/td>\n<td>Offene Klasse<\/td>\n<td>V1, CAC, R-CACIB <strong>IT-Champion<\/strong><\/td>\n<\/tr>\n<tr>\n<td>06.12.2014<\/td>\n<td>Nazionale di Verona (IT)<\/td>\n<td>E. Deutscher (AT)<\/td>\n<td>Champion Klasse<\/td>\n<td>V1 <strong>BOB<\/strong><\/td>\n<\/tr>\n<tr>\n<td>20.07.2014<\/td>\n<td>CACIB Li\u00e8ge (BE) Golden Dog Trophy<\/td>\n<td>J.-F. Vanaken (BE)<\/td>\n<td>Champion Klasse<\/td>\n<td>V1, CAC, CACIB, <strong>BOB, BIG3<\/strong><\/td>\n<\/tr>\n<tr>\n<td>13.07.2014<\/td>\n<td>CACIB Oberwart (AT)<\/td>\n<td>I. Urschiz (AT))<\/td>\n<td>Champion Klasse<\/td>\n<td>V1, CAC, CACIB, <strong>BOB, AT-Champion<\/strong><\/td>\n<\/tr>\n<tr>\n<td>01.05.2014<\/td>\n<td>CACIB Alesssandria (IT)<\/td>\n<td>G. Murante (IT) J.-F. Vanaken (BE)<\/td>\n<td>Offene Klasse<\/td>\n<td>V1, CAC, CACIB, <strong>BOB, BIG3<\/strong><\/td>\n<\/tr>\n<tr>\n<td>06.04.2014<\/td>\n<td>CACIB Salzburg (AT)<\/td>\n<td>Erwin Deutscher (AT)<\/td>\n<td>Champion Klasse<\/td>\n<td>V1, CACA, CACIB, <strong>BOB, shortlisted Gruppe 9<\/strong><\/td>\n<\/tr>\n<tr>\n<td>08.03.2014<\/td>\n<td>CRUFTS (GB)<\/td>\n<td>Prof. T.R. Desombre (GB)<\/td>\n<td>Open Class<\/td>\n<td>3rd<\/td>\n<\/tr>\n<tr>\n<td colspan=\"5\"><\/td>\n<\/tr>\n<tr>\n<td>08.12.2013<\/td>\n<td>CACIB San Marino (SM)<\/td>\n<td>&#8230;<\/td>\n<td>Champion Klasse<\/td>\n<td>V1, CAC, CACIB,<strong> BOB, CRUFTS Qualification <\/strong><\/td>\n<\/tr>\n<tr>\n<td>06.-08.12.2013<\/td>\n<td>CAC Shows San Marino (SM)<\/td>\n<td>&#8230;<\/td>\n<td>Champion Klasse<\/td>\n<td>5x V1, <strong> 3x BOB<\/strong><\/td>\n<\/tr>\n<tr>\n<td>18.11.2013<\/td>\n<td>CACIB Genua (IT)<\/td>\n<td>D. Smith (GB)<\/td>\n<td>Champion Klasse<\/td>\n<td>V1, CAC, CACIB,<strong> BOB, shortlisted Gruppe 9 (Top 5)<\/strong><\/td>\n<\/tr>\n<tr>\n<td>10.10.2013<\/td>\n<td>Nat. Karlsruhe (DE)<\/td>\n<td>Ch. Rossier (CH)<\/td>\n<td>Champion Klasse<\/td>\n<td>V1, VDH, CAC,<strong> Sieger Karlsruhe<\/strong><\/td>\n<\/tr>\n<tr>\n<td>09.10.2013<\/td>\n<td>CACIB Karlsruhe (DE)<\/td>\n<td>Ch. Klotz (DE)<\/td>\n<td>Champion Klasse<\/td>\n<td>V1, VDH, CAC, CACIB, <strong>Sieger Baden-W\u00fcrttemberg<\/strong><\/td>\n<\/tr>\n<tr>\n<td>28.09.2013<\/td>\n<td>Speciality Lucca (IT)<\/td>\n<td>E. Stragapede (IT)<\/td>\n<td>Champion Klasse<\/td>\n<td>V1, CAC, <strong>BOB<\/strong><\/td>\n<\/tr>\n<tr>\n<td>07.09.2013<\/td>\n<td>Suisse Terrier Derby Oberhasli (CH)<\/td>\n<td>M.Urosevic (SRB)<\/td>\n<td>Champion Klasse<\/td>\n<td>V1, CAC<\/td>\n<\/tr>\n<tr>\n<td>01.09.2013<\/td>\n<td>Euro Dog Show Genf (CH)<\/td>\n<td>A. Landarte (UR)<\/td>\n<td>Champion Klasse<\/td>\n<td>V2, R-CAC<\/td>\n<\/tr>\n<tr>\n<td>20.07.2013<\/td>\n<td>Golden Dog Trophy Li\u00e8ge (B)<\/td>\n<td>P. Muntean (RO)<\/td>\n<td>Offene Klasse<\/td>\n<td>V1<\/td>\n<\/tr>\n<tr>\n<td>14.07.2013<\/td>\n<td>CACIB Oberwart (A)<\/td>\n<td>B. Bregenzer (A) E. Deutscher (A) S. Sinko (SLO)<\/td>\n<td>Offene Klasse<\/td>\n<td>V1, CACA, CACIB, <strong>BOB, BIG, BOD3<\/strong> <strong>\u00d6sterreich-Ungarn Sieger 2013<\/strong><\/td>\n<\/tr>\n<tr>\n<td>13.07.2013<\/td>\n<td>CACIB Szombathely (H)<\/td>\n<td>T. Havelka (SK)<\/td>\n<td>Offene Klasse<\/td>\n<td>V1, CAC, CACIB, <strong>BOB<\/strong><\/td>\n<\/tr>\n<tr>\n<td>30.06.2013<\/td>\n<td>BTFS Klubschau (CH)<\/td>\n<td>J. Custot (CH)<\/td>\n<td>Offene Klasse<\/td>\n<td>V2, R-CAC<\/td>\n<\/tr>\n<tr>\n<td>16.06.2013<\/td>\n<td>CACIB Rapallo (IT)<\/td>\n<td>B. Tamagnone (IT)<\/td>\n<td>Offene Klasse<\/td>\n<td>V1, CAC, R-CACIB<\/td>\n<\/tr>\n<tr>\n<td>02.06.2013<\/td>\n<td>Championnat de France<\/td>\n<td>P. Muntean (RO)<\/td>\n<td>Offene Klasse<\/td>\n<td>V2, R-CACS<\/td>\n<\/tr>\n<tr>\n<td>05.05.2013<\/td>\n<td>CACIB St.Gallen (CH)<\/td>\n<td>D. Smith (AUS) J. Custot (CH)<\/td>\n<td>Offene Klasse<\/td>\n<td>V1, CAC, CACIB, <strong>BOB<\/strong>, <strong>shortlisted Gruppe 9<\/strong><\/td>\n<\/tr>\n<tr>\n<td>04.05.2013<\/td>\n<td>CACIB St.Gallen (CH)<\/td>\n<td>Ch. Rossier (CH)<\/td>\n<td>Offene Klasse<\/td>\n<td>V1, CAC, CACIB<\/td>\n<\/tr>\n<tr>\n<td>01.05.2013<\/td>\n<td>CACIB Alessandria (IT)<\/td>\n<td>E. Adminolfi (IT)<\/td>\n<td>Offene Klasse<\/td>\n<td>V1, CAC, CACIB, <strong>BOS<\/strong><\/td>\n<\/tr>\n<tr>\n<td>28.04.2013<\/td>\n<td>CACIB Dresden (D)<\/td>\n<td>C. M\u00fcnch (D)<\/td>\n<td>Championklasse<\/td>\n<td>V1, VDH, CAC, CACIB, <strong>BOS<\/strong><\/td>\n<\/tr>\n<tr>\n<td>12.01.2013<\/td>\n<td>CACIB N\u00fcrnberg (D)<\/td>\n<td>R. Bl\u00fcmel (AT)<\/td>\n<td>Championklasse<\/td>\n<td>V1, VDH, R-CAC, R-CACIB<\/td>\n<\/tr>\n<tr>\n<td colspan=\"5\"><\/td>\n<\/tr>\n<tr>\n<td>28.10.2012<\/td>\n<td>CAC Grossarlbach (D)<\/td>\n<td>Hr. Kliebenstein (D)<\/td>\n<td>Championklasse<\/td>\n<td>V1, CAC, VDH, <strong>BOB<\/strong><\/td>\n<\/tr>\n<tr>\n<td>21.10.2012<\/td>\n<td>CACIB Lausanne (CH)<\/td>\n<td>B. Spoljaric<\/td>\n<td>Zwischenklasse<\/td>\n<td>V1, CAC, R-CACIB<\/td>\n<\/tr>\n<tr>\n<td>20.10.2012<\/td>\n<td>CACIB Lausanne (CH)<\/td>\n<td>L. Mach (CH)<\/td>\n<td>Zwischenklasse<\/td>\n<td>V1 CAC<\/td>\n<\/tr>\n<tr>\n<td>14.10.2012<\/td>\n<td>Bundessiegerschau Dortmund (D)<\/td>\n<td>A.R.R. Doedijns (NL)<\/td>\n<td>Zwischenklasse<\/td>\n<td>V1, VDH, CAC, CACIB, <strong>Bundessieger, BOB<\/strong><\/td>\n<\/tr>\n<tr>\n<td>02.09.2012<\/td>\n<td>CACIB Giessen (D)<\/td>\n<td>M. Caban (D)<\/td>\n<td>Zwischenklasse<\/td>\n<td>V1, VDH, R-CAC, R-CACIB<\/td>\n<\/tr>\n<tr>\n<td>01.09.2012<\/td>\n<td>2. Suisse Terrier Derby (CH)<\/td>\n<td>A. Korosz (HU)<\/td>\n<td>Zwischenklasse<\/td>\n<td>V1, CAC<\/td>\n<\/tr>\n<tr>\n<td>26.08.2012<\/td>\n<td>Inter Boston Terrier Show B\u00f6rrstadt (D)<\/td>\n<td>Ch. Klotz (D)<\/td>\n<td>Zwischenklasse<\/td>\n<td>V1, VDH, R-CAC<\/td>\n<\/tr>\n<tr>\n<td>25.08.2012<\/td>\n<td>Clubsiegershow 1.CBD B\u00f6rrstadt (D)<\/td>\n<td>Luis F. Sosa (USA)<\/td>\n<td>Jugendklasse<\/td>\n<td>V1, J-CAC, J-VDH, <strong>Club-Jugend-Sieger 2012<\/strong><\/td>\n<\/tr>\n<tr>\n<td>29.07.2012<\/td>\n<td>CAC Knittelsheim (D)<\/td>\n<td>I. Csik (D)<\/td>\n<td>Zwischenklasse<\/td>\n<td>V1, VDH, R-CAC<\/td>\n<\/tr>\n<tr>\n<td>22.07.2012<\/td>\n<td>CACIB Augsburg (D)<\/td>\n<td>P. Machetanzt (D)<\/td>\n<td>Zwischenklasse<\/td>\n<td>V1, VDH, R-CAC R-CACIB<\/td>\n<\/tr>\n<tr>\n<td>24.06.2012<\/td>\n<td>BTFS Klubschau (CH)<\/td>\n<td>F. R. Siewert (D)<\/td>\n<td>Jugendklasse<\/td>\n<td>V2, R-J-CAC<\/td>\n<\/tr>\n<tr>\n<td>28.05.2012<\/td>\n<td>CAC Saarbr\u00fccken (D)<\/td>\n<td>W. Jungblut (D)<\/td>\n<td>Jugendklasse<\/td>\n<td>V1, J-CAC, J-VDH, <strong>Jugendsieger Saarbr\u00fccken<\/strong><\/td>\n<\/tr>\n<tr>\n<td>27.05.2012<\/td>\n<td>CACIB Saarbr\u00fccken (D)<\/td>\n<td>Y. Nagler Magal (IL)<\/td>\n<td>Jugendklasse<\/td>\n<td>V1, J-CAC, J-VDH, <strong>Jugendsieger Saarland <\/strong><\/td>\n<\/tr>\n<tr>\n<td>13.05.2012<\/td>\n<td>CACIB St.Gallen (CH)<\/td>\n<td>L. Pichard (CH)<\/td>\n<td>Jugendklasse<\/td>\n<td>V1, J-CAC <strong>Homologierter Schweizer Jugend Champion<\/strong><\/td>\n<\/tr>\n<tr>\n<td>12.05.2012<\/td>\n<td>CACIB St.Gallen (CH)<\/td>\n<td>Ch. Rossier (CH)<\/td>\n<td>Jugendklasse<\/td>\n<td>V1, J-CAC, <strong>Jugendsieger, BOB<\/strong><\/td>\n<\/tr>\n<tr>\n<td>31.03.2012<\/td>\n<td>CACIB Colmar (F)<\/td>\n<td>C. Bottussi-Jocquel (F)<\/td>\n<td>Jugendklasse<\/td>\n<td>V1, <strong>Jugendsieger, BOB<\/strong><\/td>\n<\/tr>\n<tr>\n<td>10.03.2012<\/td>\n<td>CACIB Offenburg (D)<\/td>\n<td>H. van den Berg (NL)<\/td>\n<td>Jugendklasse<\/td>\n<td>V1, J-CAC, J-VDH, <strong>Ortenau Jugendsieger,<\/strong> <strong>Bester R\u00fcde <\/strong><\/td>\n<\/tr>\n<tr>\n<td>04.03.2012<\/td>\n<td>CACIB M\u00fcnchen (D)<\/td>\n<td>C. M\u00fcnch (D)<\/td>\n<td>Jugendklasse<\/td>\n<td>V1, J-CAC, J-VDH, <strong>Jugendsieger Bayern,<\/strong> <strong>Bester R\u00fcde <\/strong><\/td>\n<\/tr>\n<tr>\n<td>26.02.2012<\/td>\n<td>CACIB Fribourg (CH)<\/td>\n<td>Ch. Rossier (CH)<\/td>\n<td>Jugendklasse<\/td>\n<td>V1, J-CAC,<strong> Jugendsieger, BOB<\/strong><\/td>\n<\/tr>\n<tr>\n<td>25.02.2012<\/td>\n<td>CACIB Fribourg (CH)<\/td>\n<td>A.R. Sampaio (BR)<\/td>\n<td>Jugendklasse<\/td>\n<td>V1, J-CAC, <strong>Jugendsieger,<\/strong> <strong>BOB<\/strong><\/td>\n<\/tr>\n<\/tbody>\n<\/table>\nngg_shortcode_0_placeholder\n<hr \/>\n<p><strong>Crufts 2014 &#8211; Birmingham 08.03.2013,<\/strong> <strong>Richter: T. R. Desombre (GB)<\/strong> Es war ein tolles Erlebnis (145 gemeldete Boston Terrier). Elliot wurde in der Open Class (20 gemeldete Champion R\u00fcden) als 3. Bester platziert. ngg_shortcode_1_placeholder<\/p>\n<hr \/>\n<p><strong>World Dog Show 2012 &#8211; Salzburg 19.05.2012,<\/strong> <strong>Richter: Kari J\u00e4rvinen (FIN)<\/strong> Es war ein tolles Erlebnis und f\u00fcr uns alle die erste Ausstellung in dieser Gr\u00f6sse (95 gemeldete Boston Terrier). Elliot hat in der Jugendklasse (18 gemeldete R\u00fcden) die Bewertung &#8217;sehr gut&#8216; erhalten. ngg_shortcode_2_placeholder<\/p>\n","protected":false},"excerpt":{"rendered":"<p>Datum Ausstellung Richter Klasse Bewertung 22.08.2015 CAC Eiken (CH) C. Muldoon (IRL) Champion Klasse Ex1, CAC, BOS 11.07.2015 CAC Szombathely (HU) A. Korozs (HU) Champion Class V1, CAC, CACIB, BOB, shortlisted Gruppe 9 (top 5) 11.07.2015 CACIB Szombathely (HU) A.R.R. Doedijns (NL) Champion Class V1, CAC, BOB, BIG3 HU-Champion 06.12.2014 Internazionale di Verona (IT) C. [&hellip;]<\/p>\n","protected":false},"author":2,"featured_media":0,"parent":18,"menu_order":10,"comment_status":"closed","ping_status":"closed","template":"","meta":{"_et_pb_use_builder":"","_et_pb_old_content":"","_et_gb_content_width":"","ngg_post_thumbnail":0,"footnotes":""},"_links":{"self":[{"href":"http:\/\/boston-bull.ch\/site\/index.php?rest_route=\/wp\/v2\/pages\/87"}],"collection":[{"href":"http:\/\/boston-bull.ch\/site\/index.php?rest_route=\/wp\/v2\/pages"}],"about":[{"href":"http:\/\/boston-bull.ch\/site\/index.php?rest_route=\/wp\/v2\/types\/page"}],"author":[{"embeddable":true,"href":"http:\/\/boston-bull.ch\/site\/index.php?rest_route=\/wp\/v2\/users\/2"}],"replies":[{"embeddable":true,"href":"http:\/\/boston-bull.ch\/site\/index.php?rest_route=%2Fwp%2Fv2%2Fcomments&post=87"}],"version-history":[{"count":106,"href":"http:\/\/boston-bull.ch\/site\/index.php?rest_route=\/wp\/v2\/pages\/87\/revisions"}],"predecessor-version":[{"id":2610,"href":"http:\/\/boston-bull.ch\/site\/index.php?rest_route=\/wp\/v2\/pages\/87\/revisions\/2610"}],"up":[{"embeddable":true,"href":"http:\/\/boston-bull.ch\/site\/index.php?rest_route=\/wp\/v2\/pages\/18"}],"wp:attachment":[{"href":"http:\/\/boston-bull.ch\/site\/index.php?rest_route=%2Fwp%2Fv2%2Fmedia&parent=87"}],"curies":[{"name":"wp","href":"https:\/\/api.w.org\/{rel}","templated":true}]}}