{"id":92,"date":"2012-03-05T12:45:57","date_gmt":"2012-03-05T12:45:57","guid":{"rendered":"http:\/\/boston-bull.ch\/site\/?page_id=92"},"modified":"2017-01-27T17:40:14","modified_gmt":"2017-01-27T17:40:14","slug":"impressum","status":"publish","type":"page","link":"http:\/\/boston-bull.ch\/site?page_id=92","title":{"rendered":"Impressum"},"content":{"rendered":"<p><strong>Verantwortung Gestaltung, Programmierung &amp; Inhalt:<br \/>\n<\/strong> augen:merk &#8211; Agentur f\u00fcr Grafik<br \/>\nZyth\u00fcslistrasse 1<br \/>\n8165 Schleinikon | Schweiz<br \/>\nTelefon: +41 43 366 87 69<br \/>\n<a href=\"mailto:info@augenmerk.ch\">info@augenmerk.ch<\/a><\/p>\n<p><strong>Haftungsausschluss:<br \/>\n<\/strong> &#8222;Graustein Boston Terrier&#8220; \u00fcbernimmt keine Haftung f\u00fcr die bereitgestellten Informationen, weder \u00fcber deren Aktualit\u00e4t, Richtigkeit noch Vollst\u00e4ndigkeit. F\u00fcr den Inhalt verlinkter Webseiten sind ausschliesslich deren Betreiber verantwortlich, &#8222;Graustein Boston Terrier&#8220; lehnt jede Verantwortung ab.<\/p>\n<p><strong>Copyright &amp; Urheberrecht: <\/strong> \u00a9 Graustein Boston Terrier 2016 | alle Rechte vorbehalten Layout, Gestaltung und Inhalte dieser Internetpr\u00e4senz unterliegen dem Urheberrecht und sind gesch\u00fctzt. Alle Texte, Bilder und Grafiken sind geistiges Eigentum von &#8222;Boston Terrier vom Graustein&#8220; und d\u00fcrfen in keinem Fall ohne schriftliche Genehmigung durch Katharina Mattioli oder Christoph Windisch andersweitig verwendet werden.<\/p>\n","protected":false},"excerpt":{"rendered":"<p>Verantwortung Gestaltung, Programmierung &amp; Inhalt: augen:merk &#8211; Agentur f\u00fcr Grafik Zyth\u00fcslistrasse 1 8165 Schleinikon | Schweiz Telefon: +41 43 366 87 69 info@augenmerk.ch Haftungsausschluss: &#8222;Graustein Boston Terrier&#8220; \u00fcbernimmt keine Haftung f\u00fcr die bereitgestellten Informationen, weder \u00fcber deren Aktualit\u00e4t, Richtigkeit noch Vollst\u00e4ndigkeit. F\u00fcr den Inhalt verlinkter Webseiten sind ausschliesslich deren Betreiber verantwortlich, &#8222;Graustein Boston Terrier&#8220; lehnt [&hellip;]<\/p>\n","protected":false},"author":2,"featured_media":0,"parent":0,"menu_order":1000,"comment_status":"closed","ping_status":"closed","template":"","meta":{"_et_pb_use_builder":"","_et_pb_old_content":"","_et_gb_content_width":"","ngg_post_thumbnail":0,"footnotes":""},"_links":{"self":[{"href":"http:\/\/boston-bull.ch\/site\/index.php?rest_route=\/wp\/v2\/pages\/92"}],"collection":[{"href":"http:\/\/boston-bull.ch\/site\/index.php?rest_route=\/wp\/v2\/pages"}],"about":[{"href":"http:\/\/boston-bull.ch\/site\/index.php?rest_route=\/wp\/v2\/types\/page"}],"author":[{"embeddable":true,"href":"http:\/\/boston-bull.ch\/site\/index.php?rest_route=\/wp\/v2\/users\/2"}],"replies":[{"embeddable":true,"href":"http:\/\/boston-bull.ch\/site\/index.php?rest_route=%2Fwp%2Fv2%2Fcomments&post=92"}],"version-history":[{"count":14,"href":"http:\/\/boston-bull.ch\/site\/index.php?rest_route=\/wp\/v2\/pages\/92\/revisions"}],"predecessor-version":[{"id":2483,"href":"http:\/\/boston-bull.ch\/site\/index.php?rest_route=\/wp\/v2\/pages\/92\/revisions\/2483"}],"wp:attachment":[{"href":"http:\/\/boston-bull.ch\/site\/index.php?rest_route=%2Fwp%2Fv2%2Fmedia&parent=92"}],"curies":[{"name":"wp","href":"https:\/\/api.w.org\/{rel}","templated":true}]}}